{"id":9804,"date":"2026-04-22T16:00:02","date_gmt":"2026-04-22T13:00:02","guid":{"rendered":"https:\/\/zidek.org.tr\/?page_id=9804"},"modified":"2026-04-22T16:00:37","modified_gmt":"2026-04-22T13:00:37","slug":"9804-2","status":"publish","type":"page","link":"https:\/\/zidek.org.tr\/en\/9804-2\/","title":{"rendered":"Z\u0130DEK-Akdeniz \u00dcniversitesi Ziraat Fak\u00fcltesi ve Su \u00dcr\u00fcnleri Fak\u00fcltesi Kurum E\u011fitim \u00c7al\u0131\u015ftay\u0131 Dok\u00fcmanlar\u0131"},"content":{"rendered":"<p><img decoding=\"async\" class=\"wp-image-348 aligncenter ls-is-cached lazyloaded\" src=\"https:\/\/zidek.org.tr\/wp-content\/uploads\/2019\/11\/zidek2011webson1.png\" alt=\"\" width=\"200\" height=\"205\" data-orig-src=\"https:\/\/zidek.org.tr\/wp-content\/uploads\/2019\/11\/zidek2011webson1.png\" \/><\/p>\n<p>&nbsp;<\/p>\n<ul>\n<li>\u00c7al\u0131\u015ftay Yeri <em>(Z\u0130DEK Akdeniz \u00dcniversitesi Ziraat Fak\u00fcltesi ve Su \u00dcr\u00fcnleri Fak\u00fcltesi Kurum E\u011fitim \u00c7al\u0131\u015ftay\u0131,<\/em> <em>27 Mart 2026 \u2013 Akdeniz \u00dcniversitesi Ziraat Fak\u00fcltesi, Antalya)<\/em><\/li>\n<li><strong>\u00c7al\u0131\u015ftay Sunumlar\u0131<\/strong>\n<ul>\n<li><a href=\"https:\/\/zidek.org.tr\/wp-content\/uploads\/2026\/04\/1.ZIDEK-Tanitimi.pdf\">Z\u0130DEK Tan\u0131t\u0131m\u0131<\/a><\/li>\n<li><a href=\"https:\/\/zidek.org.tr\/wp-content\/uploads\/2026\/04\/2.ZIDEK-Degerlendirme-ve-Akreditasyon-Sureci.pdf\">Z\u0130DEK De\u011ferlendirme ve Akreditasyon S\u00fcre\u00e7leri<\/a><\/li>\n<li><a href=\"https:\/\/zidek.org.tr\/wp-content\/uploads\/2026\/04\/3.ZIDEK-Degerlendirme-Olcutleri-OLCUT-1-4.pdf\">Z\u0130DEK De\u011ferlendirme \u00d6l\u00e7\u00fctleri (\u00d6l\u00e7\u00fct 1-4)<\/a><\/li>\n<li><a href=\"https:\/\/zidek.org.tr\/wp-content\/uploads\/2026\/04\/4.ZIDEK-Degerlendirme-Olcutleri-OLCUT-5-9.pdf\">Z\u0130DEK De\u011ferlendirme \u00d6l\u00e7\u00fctleri (\u00d6l\u00e7\u00fct 5-10)<\/a><\/li>\n<li><a href=\"https:\/\/zidek.org.tr\/wp-content\/uploads\/2026\/04\/5.ZIDEK-Akreditasyon-Basvurusu-Oncesi-Hazirliklar.pdf\">Z\u0130DEK Akreditasyon Ba\u015fvurusu \u00d6ncesi Haz\u0131rl\u0131klar<\/a><\/li>\n<li><a href=\"https:\/\/zidek.org.tr\/wp-content\/uploads\/2026\/04\/6.ZIDEK-ODR-Hazirlama-Esaslari.pdf\">Z\u0130DEK \u00d6DR Haz\u0131rlama Esaslar\u0131<\/a><\/li>\n<\/ul>\n<\/li>\n<li>E\u011fitimin De\u011ferlendirilmesi<\/li>\n<li><a href=\"https:\/\/zidek.org.tr\/akdeniz-universitesi-ziraat-fakultesi-ve-su-urunleri-fakultesi-tarafindan-talep-edilen-kurum-egitim-calistayi-27-mart-2026-tarihinde-yuz-yuze-olarak-gerceklestirilmistir\/\">E\u011fitimden Foto\u011fraflar<\/a><\/li>\n<\/ul>\n","protected":false},"excerpt":{"rendered":"<p>&nbsp; \u00c7al\u0131\u015ftay Yeri (Z\u0130DEK Akdeniz \u00dcniversitesi Ziraat Fak\u00fcltesi ve Su \u00dcr\u00fcnleri Fak\u00fcltesi Kurum E\u011fitim \u00c7al\u0131\u015ftay\u0131, 27 Mart 2026 \u2013 Akdeniz \u00dcniversitesi Ziraat Fak\u00fcltesi, Antalya) \u00c7al\u0131\u015ftay Sunumlar\u0131 Z\u0130DEK Tan\u0131t\u0131m\u0131 Z\u0130DEK De\u011ferlendirme ve Akreditasyon S\u00fcre\u00e7leri Z\u0130DEK De\u011ferlendirme \u00d6l\u00e7\u00fctleri (\u00d6l\u00e7\u00fct 1-4) Z\u0130DEK De\u011ferlendirme \u00d6l\u00e7\u00fctleri (\u00d6l\u00e7\u00fct 5-10) Z\u0130DEK Akreditasyon Ba\u015fvurusu \u00d6ncesi Haz\u0131rl\u0131klar Z\u0130DEK \u00d6DR Haz\u0131rlama Esaslar\u0131 E\u011fitimin De\u011ferlendirilmesi E\u011fitimden Foto\u011fraflar<\/p>\n","protected":false},"author":3,"featured_media":0,"parent":0,"menu_order":0,"comment_status":"closed","ping_status":"closed","template":"","meta":{"footnotes":""},"class_list":["post-9804","page","type-page","status-publish","hentry"],"aioseo_notices":[],"_links":{"self":[{"href":"https:\/\/zidek.org.tr\/en\/wp-json\/wp\/v2\/pages\/9804","targetHints":{"allow":["GET"]}}],"collection":[{"href":"https:\/\/zidek.org.tr\/en\/wp-json\/wp\/v2\/pages"}],"about":[{"href":"https:\/\/zidek.org.tr\/en\/wp-json\/wp\/v2\/types\/page"}],"author":[{"embeddable":true,"href":"https:\/\/zidek.org.tr\/en\/wp-json\/wp\/v2\/users\/3"}],"replies":[{"embeddable":true,"href":"https:\/\/zidek.org.tr\/en\/wp-json\/wp\/v2\/comments?post=9804"}],"version-history":[{"count":3,"href":"https:\/\/zidek.org.tr\/en\/wp-json\/wp\/v2\/pages\/9804\/revisions"}],"predecessor-version":[{"id":9820,"href":"https:\/\/zidek.org.tr\/en\/wp-json\/wp\/v2\/pages\/9804\/revisions\/9820"}],"wp:attachment":[{"href":"https:\/\/zidek.org.tr\/en\/wp-json\/wp\/v2\/media?parent=9804"}],"curies":[{"name":"wp","href":"https:\/\/api.w.org\/{rel}","templated":true}]}}