{"id":8512,"date":"2024-12-16T12:06:42","date_gmt":"2024-12-16T09:06:42","guid":{"rendered":"https:\/\/zidek.org.tr\/?page_id=8512"},"modified":"2024-12-16T16:37:55","modified_gmt":"2024-12-16T13:37:55","slug":"sustainable-rural-regions-through-women-social-agripreneurship-and-social-farming-sofar-erasmus-project","status":"publish","type":"page","link":"https:\/\/zidek.org.tr\/en\/sustainable-rural-regions-through-women-social-agripreneurship-and-social-farming-sofar-erasmus-project\/","title":{"rendered":"Sustainable Rural Regions through Women Social Agripreneurship and Social Farming (SOFAR) Erasmus+ Project"},"content":{"rendered":"<p>Z\u0130DEK, became an Associated Partner of \u201c<strong>Sustainable Rural Regions through Women Social Agripreneurship and Social Farming (SOFAR)<\/strong>\u201d Erasmus+ project which started in December 2023, led by Gazi University.<\/p>\n<p>Regions at risk of neglect require revitalisation through the diversification of agricultural initiatives and the enhancement of opportunities for young women. Consequently, the primary aim of the SOFAR project, led by Gazi University, is to cultivate the abilities and expertise of a core group of social agripreneurship catalysts, rooted in academia and non-governmental organisations. This initiative strives to promote the concept, assimilate it within university curricula and NGO adult learning resources, thereby fostering educational and employment prospects for women and marginalised learners in rural settings.<\/p>\n<p>The SOFAR project will soon provide resources that are the culmination of various activities aimed at enhancing social agripreneurship and social farming. These will include a skills needs mapping for rural women, best practices documentation in partner countries, didactic materials, a guide for starting in agripreneurship and social farming, and modules for university curricula. These resources aim to support and empower individuals and communities in rural areas through innovative educational and practical approaches. Z\u0130DEK will support the university curricula module of the project.<\/p>\n<p><span style=\"text-decoration: underline;\"><strong>SOFAR Project Training, 18-22 November 2024, Portugal<\/strong><\/span><\/p>\n<p><strong>Sustainable Rural Regions through Women Social Agripreneurship and Social Farming (SOFAR)<\/strong>\u201d Erasmus+ project, led by Gazi University, for which Z\u0130DEK is an Associated Partner had a training session on 18-22 November 2024 in Portugal.<\/p>\n<p>A significant milestone for the project was the recent training in Portugal,which took place in November. This event, hosted by the Portuguese partner SEMEAR, brought together project partners for a collaborative learning experience that included workshops, site visits, and key presentations. Z\u0130DEK Executive Board Chair Prof. Dr. G\u00f6khan S\u00d6YLEMEZO\u011eLU introduced Z\u0130DEK\u2019s mission and its vital role in advancing agricultural education.<\/p>\n<p>For SOFAR project, Z\u0130DEK is a providing essential support and expertise in the development and implementation of activities such as:<\/p>\n<ul>\n<li>Strategic involvement in designing university modules,focusing on preparation and piloting,<\/li>\n<li>Promoting high standards in agricultural education through quality assurance measures,<\/li>\n<li>Facilitating international collaboration to ensure that innovative practices are shared and adopted.<\/li>\n<\/ul>\n<p>The T\u00fcrkiye Team Leaders, including Z\u0130DEK Executive Board Chair Prof. Dr. G\u00f6khan S\u00d6YLEMEZO\u011eLU have been instrumental in shaping the direction of the SOFAR project. Additionally, Prof. Dr. H. G\u00fc\u00e7l\u00fc YAVUZCAN, as the Project Coordinator, is also serving as the Treasurer Member of the Z\u0130DEK Executive Board. Their expertise ensures that the project\u2019s objectives align with the needs of the agricultural sector in T\u00fcrkiye.<\/p>\n<p>&nbsp;<\/p>\n<p><img decoding=\"async\" class=\"lazyload aligncenter size-large wp-image-8486\" src=\"https:\/\/zidek.org.tr\/wp-content\/uploads\/2024\/12\/SOFAR-Portekiz-Egitim-1024x948.jpeg\" data-orig-src=\"https:\/\/zidek.org.tr\/wp-content\/uploads\/2024\/12\/SOFAR-Portekiz-Egitim-1024x948.jpeg\" alt=\"\" width=\"1024\" height=\"948\" srcset=\"data:image\/svg+xml,%3Csvg%20xmlns%3D%27http%3A%2F%2Fwww.w3.org%2F2000%2Fsvg%27%20width%3D%271024%27%20height%3D%27948%27%20viewBox%3D%270%200%201024%20948%27%3E%3Crect%20width%3D%271024%27%20height%3D%27948%27%20fill-opacity%3D%220%22%2F%3E%3C%2Fsvg%3E\" data-srcset=\"https:\/\/zidek.org.tr\/wp-content\/uploads\/2024\/12\/SOFAR-Portekiz-Egitim-200x185.jpeg 200w, https:\/\/zidek.org.tr\/wp-content\/uploads\/2024\/12\/SOFAR-Portekiz-Egitim-300x278.jpeg 300w, https:\/\/zidek.org.tr\/wp-content\/uploads\/2024\/12\/SOFAR-Portekiz-Egitim-400x370.jpeg 400w, https:\/\/zidek.org.tr\/wp-content\/uploads\/2024\/12\/SOFAR-Portekiz-Egitim-600x556.jpeg 600w, https:\/\/zidek.org.tr\/wp-content\/uploads\/2024\/12\/SOFAR-Portekiz-Egitim-768x711.jpeg 768w, https:\/\/zidek.org.tr\/wp-content\/uploads\/2024\/12\/SOFAR-Portekiz-Egitim-800x741.jpeg 800w, https:\/\/zidek.org.tr\/wp-content\/uploads\/2024\/12\/SOFAR-Portekiz-Egitim-1024x948.jpeg 1024w, https:\/\/zidek.org.tr\/wp-content\/uploads\/2024\/12\/SOFAR-Portekiz-Egitim.jpeg 1125w\" data-sizes=\"auto\" data-orig-sizes=\"(max-width: 1024px) 100vw, 1024px\" \/><\/p>\n<p>[\/fusion_text][\/fusion_builder_column][\/fusion_builder_row][\/fusion_builder_container]<\/p>\n","protected":false},"excerpt":{"rendered":"<p>Z\u0130DEK, became an Associated Partner of \u201cSustainable Rural Regions through Women Social Agripreneurship and Social Farming (SOFAR)\u201d Erasmus+ project which started in December 2023, led by Gazi University. Regions at risk of neglect require revitalisation through the diversification of agricultural initiatives and the enhancement of opportunities for young women. Consequently, the primary aim of the SOFAR project, led by Gazi University, is to cultivate the abilities and expertise of a core group of social agripreneurship catalysts, rooted in academia and non-governmental organisations. This initiative strives to promote the concept, assimilate it within university curricula and NGO adult learning resources, thereby fostering [&hellip;]<\/p>\n","protected":false},"author":3,"featured_media":0,"parent":0,"menu_order":0,"comment_status":"closed","ping_status":"closed","template":"","meta":{"footnotes":""},"class_list":["post-8512","page","type-page","status-publish","hentry"],"aioseo_notices":[],"_links":{"self":[{"href":"https:\/\/zidek.org.tr\/en\/wp-json\/wp\/v2\/pages\/8512","targetHints":{"allow":["GET"]}}],"collection":[{"href":"https:\/\/zidek.org.tr\/en\/wp-json\/wp\/v2\/pages"}],"about":[{"href":"https:\/\/zidek.org.tr\/en\/wp-json\/wp\/v2\/types\/page"}],"author":[{"embeddable":true,"href":"https:\/\/zidek.org.tr\/en\/wp-json\/wp\/v2\/users\/3"}],"replies":[{"embeddable":true,"href":"https:\/\/zidek.org.tr\/en\/wp-json\/wp\/v2\/comments?post=8512"}],"version-history":[{"count":1,"href":"https:\/\/zidek.org.tr\/en\/wp-json\/wp\/v2\/pages\/8512\/revisions"}],"predecessor-version":[{"id":8514,"href":"https:\/\/zidek.org.tr\/en\/wp-json\/wp\/v2\/pages\/8512\/revisions\/8514"}],"wp:attachment":[{"href":"https:\/\/zidek.org.tr\/en\/wp-json\/wp\/v2\/media?parent=8512"}],"curies":[{"name":"wp","href":"https:\/\/api.w.org\/{rel}","templated":true}]}}