{"id":7649,"date":"2024-01-02T13:08:29","date_gmt":"2024-01-02T10:08:29","guid":{"rendered":"https:\/\/zidek.org.tr\/?page_id=7649"},"modified":"2024-01-02T13:08:29","modified_gmt":"2024-01-02T10:08:29","slug":"zidek-2023-1-program-degerlendiricisi-egitim-calistayi-dokumanlari","status":"publish","type":"page","link":"https:\/\/zidek.org.tr\/en\/zidek-2023-1-program-degerlendiricisi-egitim-calistayi-dokumanlari\/","title":{"rendered":"Z\u0130DEK 2023\/1 Program De\u011ferlendiricisi E\u011fitim \u00c7al\u0131\u015ftay\u0131 Dok\u00fcmanlar\u0131"},"content":{"rendered":"<div class=\"post-content\">\n<div class=\"wp-block-image\">\n<figure class=\"aligncenter\"><img decoding=\"async\" class=\"wp-image-348 ls-is-cached lazyloaded aligncenter\" src=\"https:\/\/zidek.org.tr\/wp-content\/uploads\/2019\/11\/zidek2011webson1.png\" alt=\"\" width=\"200\" height=\"205\" data-orig-src=\"https:\/\/zidek.org.tr\/wp-content\/uploads\/2019\/11\/zidek2011webson1.png\" \/><\/figure>\n<\/div>\n<ul>\n<li>Duyuru<\/li>\n<li>\u00c7al\u0131\u015ftay Yeri<br \/>\n<em>Z\u0130DEK 2023\/1 Program De\u011ferlendiricisi E\u011fitim \u00c7al\u0131\u015ftay\u0131<\/em><br \/>\n<em>25-29 Aral\u0131k 2023 \u2013 \u00c7evrimi\u00e7i, Google Classroom ve Zoom)<\/em><\/li>\n<li>Program De\u011ferlendiricisi E\u011fitim \u00c7al\u0131\u015ftay\u0131 Sunumlar\u0131\n<ul>\n<li>A\u00e7\u0131l\u0131\u015f ve \u00c7al\u0131\u015ftay Tan\u0131t\u0131m\u0131<\/li>\n<li>Z\u0130DEK De\u011ferlendirme ve Akreditasyon S\u00fcre\u00e7leri<\/li>\n<li>Z\u0130DEK De\u011ferlendirme \u00d6l\u00e7\u00fctleri (\u00d6l\u00e7\u00fct 1-4)<\/li>\n<li>Z\u0130DEK De\u011ferlendirme \u00d6l\u00e7\u00fctleri (\u00d6l\u00e7\u00fct 5-10)<\/li>\n<li>Z\u0130DEK Davran\u0131\u015fsal Boyut<\/li>\n<li>Z\u0130DEK Rapor Yaz\u0131m\u0131<\/li>\n<\/ul>\n<\/li>\n<li>E\u011fitimin De\u011ferlendirilmesi<\/li>\n<li><a href=\"https:\/\/zidek.org.tr\/zidek-2023-1-program-degerlendiricisi-egitim-calistayi-25-29-aralik-2023-tarihlerinde-google-classroom-ortami-uzerinden-gerceklestirilmistir\/\">E\u011fitimden Foto\u011fraflar<\/a><\/li>\n<\/ul>\n<\/div>\n","protected":false},"excerpt":{"rendered":"<p>Duyuru \u00c7al\u0131\u015ftay Yeri Z\u0130DEK 2023\/1 Program De\u011ferlendiricisi E\u011fitim \u00c7al\u0131\u015ftay\u0131 25-29 Aral\u0131k 2023 \u2013 \u00c7evrimi\u00e7i, Google Classroom ve Zoom) Program De\u011ferlendiricisi E\u011fitim \u00c7al\u0131\u015ftay\u0131 Sunumlar\u0131 A\u00e7\u0131l\u0131\u015f ve \u00c7al\u0131\u015ftay Tan\u0131t\u0131m\u0131 Z\u0130DEK De\u011ferlendirme ve Akreditasyon S\u00fcre\u00e7leri Z\u0130DEK De\u011ferlendirme \u00d6l\u00e7\u00fctleri (\u00d6l\u00e7\u00fct 1-4) Z\u0130DEK De\u011ferlendirme \u00d6l\u00e7\u00fctleri (\u00d6l\u00e7\u00fct 5-10) Z\u0130DEK Davran\u0131\u015fsal Boyut Z\u0130DEK Rapor Yaz\u0131m\u0131 E\u011fitimin De\u011ferlendirilmesi E\u011fitimden Foto\u011fraflar<\/p>\n","protected":false},"author":3,"featured_media":0,"parent":0,"menu_order":0,"comment_status":"closed","ping_status":"closed","template":"","meta":{"footnotes":""},"class_list":["post-7649","page","type-page","status-publish","hentry"],"aioseo_notices":[],"_links":{"self":[{"href":"https:\/\/zidek.org.tr\/en\/wp-json\/wp\/v2\/pages\/7649","targetHints":{"allow":["GET"]}}],"collection":[{"href":"https:\/\/zidek.org.tr\/en\/wp-json\/wp\/v2\/pages"}],"about":[{"href":"https:\/\/zidek.org.tr\/en\/wp-json\/wp\/v2\/types\/page"}],"author":[{"embeddable":true,"href":"https:\/\/zidek.org.tr\/en\/wp-json\/wp\/v2\/users\/3"}],"replies":[{"embeddable":true,"href":"https:\/\/zidek.org.tr\/en\/wp-json\/wp\/v2\/comments?post=7649"}],"version-history":[{"count":1,"href":"https:\/\/zidek.org.tr\/en\/wp-json\/wp\/v2\/pages\/7649\/revisions"}],"predecessor-version":[{"id":7650,"href":"https:\/\/zidek.org.tr\/en\/wp-json\/wp\/v2\/pages\/7649\/revisions\/7650"}],"wp:attachment":[{"href":"https:\/\/zidek.org.tr\/en\/wp-json\/wp\/v2\/media?parent=7649"}],"curies":[{"name":"wp","href":"https:\/\/api.w.org\/{rel}","templated":true}]}}