{"id":7122,"date":"2023-07-12T13:18:20","date_gmt":"2023-07-12T10:18:20","guid":{"rendered":"https:\/\/zidek.org.tr\/?page_id=7122"},"modified":"2023-07-12T13:35:30","modified_gmt":"2023-07-12T10:35:30","slug":"prof-dr-gursel-dellal","status":"publish","type":"page","link":"https:\/\/zidek.org.tr\/en\/prof-dr-gursel-dellal\/","title":{"rendered":"Prof. Dr. G\u00fcrsel DELLAL"},"content":{"rendered":"<div class=\"fusion-fullwidth fullwidth-box fusion-builder-row-1 fusion-flex-container nonhundred-percent-fullwidth non-hundred-percent-height-scrolling\" style=\"--awb-border-radius-top-left:0px;--awb-border-radius-top-right:0px;--awb-border-radius-bottom-right:0px;--awb-border-radius-bottom-left:0px;--awb-flex-wrap:wrap;\" ><div class=\"fusion-builder-row fusion-row fusion-flex-align-items-flex-start fusion-flex-content-wrap\" style=\"max-width:1331.2px;margin-left: calc(-4% \/ 2 );margin-right: calc(-4% \/ 2 );\"><div class=\"fusion-layout-column fusion_builder_column fusion-builder-column-0 fusion_builder_column_1_1 1_1 fusion-flex-column\" style=\"--awb-bg-size:cover;--awb-width-large:100%;--awb-margin-top-large:0px;--awb-spacing-right-large:1.92%;--awb-margin-bottom-large:0px;--awb-spacing-left-large:1.92%;--awb-width-medium:100%;--awb-spacing-right-medium:1.92%;--awb-spacing-left-medium:1.92%;--awb-width-small:100%;--awb-spacing-right-small:1.92%;--awb-spacing-left-small:1.92%;\"><div class=\"fusion-column-wrapper fusion-flex-justify-content-flex-start fusion-content-layout-column\"><div class=\"fusion-text fusion-text-1\"><p><img decoding=\"async\" class=\"lazyload aligncenter  wp-image-7114\" src=\"https:\/\/zidek.org.tr\/wp-content\/uploads\/2023\/07\/gurseldellal.jpg\" data-orig-src=\"https:\/\/zidek.org.tr\/wp-content\/uploads\/2023\/07\/gurseldellal.jpg\" alt=\"\" width=\"196\" height=\"267\" srcset=\"data:image\/svg+xml,%3Csvg%20xmlns%3D%27http%3A%2F%2Fwww.w3.org%2F2000%2Fsvg%27%20width%3D%27196%27%20height%3D%27267%27%20viewBox%3D%270%200%20196%20267%27%3E%3Crect%20width%3D%27196%27%20height%3D%27267%27%20fill-opacity%3D%220%22%2F%3E%3C%2Fsvg%3E\" data-srcset=\"https:\/\/zidek.org.tr\/wp-content\/uploads\/2023\/07\/gurseldellal-200x272.jpg 200w, https:\/\/zidek.org.tr\/wp-content\/uploads\/2023\/07\/gurseldellal-221x300.jpg 221w, https:\/\/zidek.org.tr\/wp-content\/uploads\/2023\/07\/gurseldellal-400x544.jpg 400w, https:\/\/zidek.org.tr\/wp-content\/uploads\/2023\/07\/gurseldellal.jpg 565w\" data-sizes=\"auto\" data-orig-sizes=\"(max-width: 196px) 100vw, 196px\" \/><\/p>\n<p align=\"justify\">Prof. Dr. G\u00fcrsel DELLAL was born on 04.06.1961 in Ankara. He graduated from primary and middle school in K\u0131r\u015fehir and he graduated from high school in Ankara. He entered\u00a0 Ankara University Faculty of Agriculture Department of Animal Science in 1982 and graduated in 1986. He completed his Master&#8217;s degree in 1989 and his Doctorate in 1994 at Ankara University. He became an Assoc. Prof. in 1996 and Professor in 2003 at the same university.<\/p>\n<p align=\"justify\">His primary areas of scientific study are sheep and goat breeding, reproduction physiology in farm animals, climate change, animal production and organic animal production. He worked as a visiting research professor at Texas A&amp;M University Faculty of Agriculture Department of Animal Science for one year. He conducted 14 Master&#8217;s theses and 13 Doctorate theses. He has authored 206 published works. He served in Ankara University Senate, Faculty of Agriculture Faculty Board and Stem Cell Institute. He was awarded Chamber of Agricultural Engineers Science Award in 2022. He is married and has one child.<\/p>\n<p align=\"justify\">Prof. Dr. G\u00fcrsel DELLAL has been serving as a member of the Z\u0130DEK Executive Board since 07.07.2023.<\/p>\n<\/div><\/div><\/div><\/div><\/div>\n","protected":false},"excerpt":{"rendered":"","protected":false},"author":3,"featured_media":0,"parent":0,"menu_order":0,"comment_status":"closed","ping_status":"closed","template":"","meta":{"footnotes":""},"class_list":["post-7122","page","type-page","status-publish","hentry"],"aioseo_notices":[],"_links":{"self":[{"href":"https:\/\/zidek.org.tr\/en\/wp-json\/wp\/v2\/pages\/7122","targetHints":{"allow":["GET"]}}],"collection":[{"href":"https:\/\/zidek.org.tr\/en\/wp-json\/wp\/v2\/pages"}],"about":[{"href":"https:\/\/zidek.org.tr\/en\/wp-json\/wp\/v2\/types\/page"}],"author":[{"embeddable":true,"href":"https:\/\/zidek.org.tr\/en\/wp-json\/wp\/v2\/users\/3"}],"replies":[{"embeddable":true,"href":"https:\/\/zidek.org.tr\/en\/wp-json\/wp\/v2\/comments?post=7122"}],"version-history":[{"count":1,"href":"https:\/\/zidek.org.tr\/en\/wp-json\/wp\/v2\/pages\/7122\/revisions"}],"predecessor-version":[{"id":7124,"href":"https:\/\/zidek.org.tr\/en\/wp-json\/wp\/v2\/pages\/7122\/revisions\/7124"}],"wp:attachment":[{"href":"https:\/\/zidek.org.tr\/en\/wp-json\/wp\/v2\/media?parent=7122"}],"curies":[{"name":"wp","href":"https:\/\/api.w.org\/{rel}","templated":true}]}}