{"id":6553,"date":"2023-01-26T11:46:42","date_gmt":"2023-01-26T08:46:42","guid":{"rendered":"https:\/\/zidek.org.tr\/?page_id=6553"},"modified":"2023-01-26T16:27:28","modified_gmt":"2023-01-26T13:27:28","slug":"prof-dr-doganay-tolunay","status":"publish","type":"page","link":"https:\/\/zidek.org.tr\/en\/prof-dr-doganay-tolunay\/","title":{"rendered":"Prof. Dr. Do\u011fanay TOLUNAY"},"content":{"rendered":"<p><img decoding=\"async\" class=\"lazyload wp-image-6544 aligncenter\" src=\"https:\/\/zidek.org.tr\/wp-content\/uploads\/2023\/01\/doganaytolunay.jpg\" data-orig-src=\"https:\/\/zidek.org.tr\/wp-content\/uploads\/2023\/01\/doganaytolunay.jpg\" alt=\"\" width=\"151\" height=\"249\" srcset=\"data:image\/svg+xml,%3Csvg%20xmlns%3D%27http%3A%2F%2Fwww.w3.org%2F2000%2Fsvg%27%20width%3D%27151%27%20height%3D%27249%27%20viewBox%3D%270%200%20151%20249%27%3E%3Crect%20width%3D%27151%27%20height%3D%27249%27%20fill-opacity%3D%220%22%2F%3E%3C%2Fsvg%3E\" data-srcset=\"https:\/\/zidek.org.tr\/wp-content\/uploads\/2023\/01\/doganaytolunay-182x300.jpg 182w, https:\/\/zidek.org.tr\/wp-content\/uploads\/2023\/01\/doganaytolunay-200x329.jpg 200w, https:\/\/zidek.org.tr\/wp-content\/uploads\/2023\/01\/doganaytolunay-400x658.jpg 400w, https:\/\/zidek.org.tr\/wp-content\/uploads\/2023\/01\/doganaytolunay-600x988.jpg 600w, https:\/\/zidek.org.tr\/wp-content\/uploads\/2023\/01\/doganaytolunay-622x1024.jpg 622w, https:\/\/zidek.org.tr\/wp-content\/uploads\/2023\/01\/doganaytolunay-768x1264.jpg 768w, https:\/\/zidek.org.tr\/wp-content\/uploads\/2023\/01\/doganaytolunay-800x1317.jpg 800w, https:\/\/zidek.org.tr\/wp-content\/uploads\/2023\/01\/doganaytolunay-933x1536.jpg 933w, https:\/\/zidek.org.tr\/wp-content\/uploads\/2023\/01\/doganaytolunay.jpg 972w\" data-sizes=\"auto\" data-orig-sizes=\"(max-width: 151px) 100vw, 151px\" \/><\/p>\n<p>He was born in 1969 in Bak\u0131rk\u00f6y \/ \u0130stanbul. He graduated from \u00c7orlu Bak\u0131rca Village Elementary School in 1980 and from L\u00fcleburgaz Kepirtepe Teacher Training High School, which had been a village institue, in 1986. He studied at \u0130stanbul University Faculty of Forestry Department of Forestry Engineering between 1986-1991. In 1991, he started to work as a Research Assistant at \u0130stanbul University Faculty of Forestry Department of Pedology and Ecology and completed his Master&#8217;s in 1992 and his Doctorate in 1997 at the same department. He was appointed\u00a0 Asst. Prof. Dr. in 2000, Assoc. Prof. Dr. in 2004 and Prof. Dr. in 2011. He worked as a guest lecturer at \u0130stanbul Technical University Department of Landscape Architecture between 2004-2012 and at \u0130stanbul Medipol University Department of City Planning and Landscape Architecture in 2021. In 2018, with the division of \u0130stanbul University and the transfer of the Faculty of Forestry to \u0130stanbul University-Cerrahpa\u015fa, his position was also transferred there. His fields of work include Climate Change, Pedology, Ecolgy, Environmental Pollution. He is a member of the scientific committees of Turkish Foresters Association, TEMA Foundation, Ege Forest Foundation, Permat\u00fcrk Foundation and Yuvam D\u00fcnya Association. He has been involved in multiple research projects supported by T\u00dcB\u0130TAK and other institutions as executive and researcher. He has multiple national and international scientific publications on ecology, environmental issues, forestry and climate change.<\/p>\n<p>He stills serves as the department head of \u0130stanbul University-Cerrahpa\u015fa Faculty of Forestry Department of Forestry Engineering Department of Pedology and Ecology.<\/p>\n<p>Prof. Dr. Do\u011fanay TOLUNAY has been serving as a member of ZAK since 2023<\/p>\n<p>&nbsp;<\/p>\n","protected":false},"excerpt":{"rendered":"<p>He was born in 1969 in Bak\u0131rk\u00f6y \/ \u0130stanbul. He graduated from \u00c7orlu Bak\u0131rca Village Elementary School in 1980 and from L\u00fcleburgaz Kepirtepe Teacher Training High School, which had been a village institue, in 1986. He studied at \u0130stanbul University Faculty of Forestry Department of Forestry Engineering between 1986-1991. In 1991, he started to work as a Research Assistant at \u0130stanbul University Faculty of Forestry Department of Pedology and Ecology and completed his Master&#8217;s in 1992 and his Doctorate in 1997 at the same department. He was appointed\u00a0 Asst. Prof. Dr. in 2000, Assoc. Prof. Dr. in 2004 and Prof. Dr. [&hellip;]<\/p>\n","protected":false},"author":3,"featured_media":0,"parent":0,"menu_order":0,"comment_status":"closed","ping_status":"closed","template":"","meta":{"footnotes":""},"class_list":["post-6553","page","type-page","status-publish","hentry"],"aioseo_notices":[],"_links":{"self":[{"href":"https:\/\/zidek.org.tr\/en\/wp-json\/wp\/v2\/pages\/6553","targetHints":{"allow":["GET"]}}],"collection":[{"href":"https:\/\/zidek.org.tr\/en\/wp-json\/wp\/v2\/pages"}],"about":[{"href":"https:\/\/zidek.org.tr\/en\/wp-json\/wp\/v2\/types\/page"}],"author":[{"embeddable":true,"href":"https:\/\/zidek.org.tr\/en\/wp-json\/wp\/v2\/users\/3"}],"replies":[{"embeddable":true,"href":"https:\/\/zidek.org.tr\/en\/wp-json\/wp\/v2\/comments?post=6553"}],"version-history":[{"count":1,"href":"https:\/\/zidek.org.tr\/en\/wp-json\/wp\/v2\/pages\/6553\/revisions"}],"predecessor-version":[{"id":6555,"href":"https:\/\/zidek.org.tr\/en\/wp-json\/wp\/v2\/pages\/6553\/revisions\/6555"}],"wp:attachment":[{"href":"https:\/\/zidek.org.tr\/en\/wp-json\/wp\/v2\/media?parent=6553"}],"curies":[{"name":"wp","href":"https:\/\/api.w.org\/{rel}","templated":true}]}}