{"id":6488,"date":"2023-01-13T09:35:19","date_gmt":"2023-01-13T06:35:19","guid":{"rendered":"https:\/\/zidek.org.tr\/?page_id=6488"},"modified":"2023-01-17T14:12:10","modified_gmt":"2023-01-17T11:12:10","slug":"agr-eng-m-ulku-karakus","status":"publish","type":"page","link":"https:\/\/zidek.org.tr\/en\/agr-eng-m-ulku-karakus\/","title":{"rendered":"Agr. Eng. M. \u00dclk\u00fc KARAKU\u015e"},"content":{"rendered":"<div class=\"fusion-fullwidth fullwidth-box fusion-builder-row-1 fusion-flex-container nonhundred-percent-fullwidth non-hundred-percent-height-scrolling\" style=\"--awb-border-radius-top-left:0px;--awb-border-radius-top-right:0px;--awb-border-radius-bottom-right:0px;--awb-border-radius-bottom-left:0px;--awb-flex-wrap:wrap;\" ><div class=\"fusion-builder-row fusion-row fusion-flex-align-items-flex-start fusion-flex-content-wrap\" style=\"max-width:1331.2px;margin-left: calc(-4% \/ 2 );margin-right: calc(-4% \/ 2 );\"><div class=\"fusion-layout-column fusion_builder_column fusion-builder-column-0 fusion_builder_column_1_1 1_1 fusion-flex-column\" style=\"--awb-bg-size:cover;--awb-width-large:100%;--awb-margin-top-large:0px;--awb-spacing-right-large:1.92%;--awb-margin-bottom-large:0px;--awb-spacing-left-large:1.92%;--awb-width-medium:100%;--awb-spacing-right-medium:1.92%;--awb-spacing-left-medium:1.92%;--awb-width-small:100%;--awb-spacing-right-small:1.92%;--awb-spacing-left-small:1.92%;\"><div class=\"fusion-column-wrapper fusion-flex-justify-content-flex-start fusion-content-layout-column\"><div class=\"fusion-text fusion-text-1\"><p><img decoding=\"async\" class=\"lazyload wp-image-6465 aligncenter\" src=\"https:\/\/zidek.org.tr\/wp-content\/uploads\/2023\/01\/ulku-karakus-scaled.jpg\" data-orig-src=\"https:\/\/zidek.org.tr\/wp-content\/uploads\/2023\/01\/ulku-karakus-scaled.jpg\" alt=\"\" width=\"211\" height=\"316\" srcset=\"data:image\/svg+xml,%3Csvg%20xmlns%3D%27http%3A%2F%2Fwww.w3.org%2F2000%2Fsvg%27%20width%3D%27211%27%20height%3D%27316%27%20viewBox%3D%270%200%20211%20316%27%3E%3Crect%20width%3D%27211%27%20height%3D%27316%27%20fill-opacity%3D%220%22%2F%3E%3C%2Fsvg%3E\" data-srcset=\"https:\/\/zidek.org.tr\/wp-content\/uploads\/2023\/01\/ulku-karakus-200x300.jpg 200w, https:\/\/zidek.org.tr\/wp-content\/uploads\/2023\/01\/ulku-karakus-400x600.jpg 400w, https:\/\/zidek.org.tr\/wp-content\/uploads\/2023\/01\/ulku-karakus-600x900.jpg 600w, https:\/\/zidek.org.tr\/wp-content\/uploads\/2023\/01\/ulku-karakus-683x1024.jpg 683w, https:\/\/zidek.org.tr\/wp-content\/uploads\/2023\/01\/ulku-karakus-768x1152.jpg 768w, https:\/\/zidek.org.tr\/wp-content\/uploads\/2023\/01\/ulku-karakus-800x1200.jpg 800w, https:\/\/zidek.org.tr\/wp-content\/uploads\/2023\/01\/ulku-karakus-1024x1536.jpg 1024w, https:\/\/zidek.org.tr\/wp-content\/uploads\/2023\/01\/ulku-karakus-1200x1800.jpg 1200w, https:\/\/zidek.org.tr\/wp-content\/uploads\/2023\/01\/ulku-karakus-1365x2048.jpg 1365w, https:\/\/zidek.org.tr\/wp-content\/uploads\/2023\/01\/ulku-karakus-scaled.jpg 1707w\" data-sizes=\"auto\" data-orig-sizes=\"(max-width: 211px) 100vw, 211px\" \/><\/p>\n<p>He was born in 1960 in Turhal, Tokat\/T\u00fcrkiye. He graduated from Atat\u00fcrk University Faculty of Agriculture Department of Animal Science in 1984. After graduation, he worked as a factory director in a feed factory in Turhal.\u00a0 After working for Roche Corp. for 10 years from 1986, he left his position and founded his own company.<\/p>\n<p>He was a member of Union of Turkish Agricultural Engineers Executive Board between 1997-1998. He has been the Chair of Executive Board of Feed Industry Union of T\u00fcrkiye since 1998.<\/p>\n<p>He was the treasurer of Ankara Chamber of Commerce Executive board and he still is the Chair of Agriculture Assembly of Turkish Union of Chambers and Commodity Exchanges and a member of Ankara Chamber of Commerce Animal Production Profession Committee. M. \u00dclk\u00fc KARAKU\u015e has a feed factory, poultry facilities and cattle farms in Ankara and is involved in feedstock trade.<\/p>\n<p>Throughout his 35-year-long career, he has served as chair of organization committee, speaker and moderator in various national and international meetings, workshops, congresses and expos on animal production and feed sector. He is married and has 3 children.<\/p>\n<p>M. \u00dclk\u00fc KARAKU\u015e has been serving as a member of Z\u0130DEK Advisory Board since 2023.<\/p>\n<\/div><\/div><\/div><\/div><\/div>\n","protected":false},"excerpt":{"rendered":"","protected":false},"author":3,"featured_media":0,"parent":0,"menu_order":0,"comment_status":"closed","ping_status":"closed","template":"","meta":{"footnotes":""},"class_list":["post-6488","page","type-page","status-publish","hentry"],"aioseo_notices":[],"_links":{"self":[{"href":"https:\/\/zidek.org.tr\/en\/wp-json\/wp\/v2\/pages\/6488","targetHints":{"allow":["GET"]}}],"collection":[{"href":"https:\/\/zidek.org.tr\/en\/wp-json\/wp\/v2\/pages"}],"about":[{"href":"https:\/\/zidek.org.tr\/en\/wp-json\/wp\/v2\/types\/page"}],"author":[{"embeddable":true,"href":"https:\/\/zidek.org.tr\/en\/wp-json\/wp\/v2\/users\/3"}],"replies":[{"embeddable":true,"href":"https:\/\/zidek.org.tr\/en\/wp-json\/wp\/v2\/comments?post=6488"}],"version-history":[{"count":1,"href":"https:\/\/zidek.org.tr\/en\/wp-json\/wp\/v2\/pages\/6488\/revisions"}],"predecessor-version":[{"id":6490,"href":"https:\/\/zidek.org.tr\/en\/wp-json\/wp\/v2\/pages\/6488\/revisions\/6490"}],"wp:attachment":[{"href":"https:\/\/zidek.org.tr\/en\/wp-json\/wp\/v2\/media?parent=6488"}],"curies":[{"name":"wp","href":"https:\/\/api.w.org\/{rel}","templated":true}]}}