{"id":6231,"date":"2019-12-17T10:15:41","date_gmt":"2019-12-17T07:15:41","guid":{"rendered":"https:\/\/zidek.org.tr\/?page_id=6231"},"modified":"2025-05-12T11:29:37","modified_gmt":"2025-05-12T08:29:37","slug":"prof-dr-ercan-efe","status":"publish","type":"page","link":"https:\/\/zidek.org.tr\/en\/prof-dr-ercan-efe\/","title":{"rendered":"Prof. Dr. Ercan EFE"},"content":{"rendered":"<p><img decoding=\"async\" class=\"lazyload wp-image-1144 aligncenter\" src=\"https:\/\/zidek.org.tr\/wp-content\/uploads\/2019\/12\/eefe-portre-2003-k6-228x300.jpg\" data-orig-src=\"https:\/\/zidek.org.tr\/wp-content\/uploads\/2019\/12\/eefe-portre-2003-k6-228x300.jpg\" alt=\"\" width=\"166\" height=\"218\" srcset=\"data:image\/svg+xml,%3Csvg%20xmlns%3D%27http%3A%2F%2Fwww.w3.org%2F2000%2Fsvg%27%20width%3D%27166%27%20height%3D%27218%27%20viewBox%3D%270%200%20166%20218%27%3E%3Crect%20width%3D%27166%27%20height%3D%27218%27%20fill-opacity%3D%220%22%2F%3E%3C%2Fsvg%3E\" data-srcset=\"https:\/\/zidek.org.tr\/wp-content\/uploads\/2019\/12\/eefe-portre-2003-k6-228x300.jpg 228w, https:\/\/zidek.org.tr\/wp-content\/uploads\/2019\/12\/eefe-portre-2003-k6.jpg 372w\" data-sizes=\"auto\" data-orig-sizes=\"(max-width: 166px) 100vw, 166px\" \/> <span style=\"font-family: arial, helvetica, sans-serif;\"><strong><img decoding=\"async\" class=\"lazyload alignleft wp-image-348\" src=\"data:image\/svg+xml,%3Csvg%20xmlns%3D%27http%3A%2F%2Fwww.w3.org%2F2000%2Fsvg%27%20width%3D%27100%27%20height%3D%27103%27%20viewBox%3D%270%200%20100%20103%27%3E%3Crect%20width%3D%27100%27%20height%3D%27103%27%20fill-opacity%3D%220%22%2F%3E%3C%2Fsvg%3E\" data-orig-src=\"https:\/\/zidek.org.tr\/wp-content\/uploads\/2019\/11\/zidek2011webson1.png\" alt=\"\" width=\"100\" height=\"103\" \/><\/strong><\/span> Prof. Dr. Ercan EFE was born in Elmal\u0131\/Yaprakl\u0131 (G\u00fc\u011f\u00fc) Village of Antalya Province and completed his high school education at Antalya Aksu Teacher Training School which had been a Village Institute previously. He completed his Bachelor&#8217;s, Master&#8217;s and Doctorate at \u00c7ukurova University, Faculty of Agriculture, Department of Animal Science, Department of Biometry and Genetics and started to work there. He still continues to work in the same department at Kahramanmara\u015f S\u00fc\u00e7t\u00fc \u0130mam University.<\/p>\r\n<p>His specialty is Statistics, Applied Statistics, Biometry, Biostatistics and Research and Trial Methods.<\/p>\r\n<p>He authored 9 books in the fields of Statistics, Computer Programming, Information Technologies. His 4 books which still stay current are SPSS\u2019te \u00c7\u00f6z\u00fcmleri ile \u0130statistik Y\u00f6ntemler II (EFE, E., Bek, Y. and \u015eahin, M., 2000), \u0130statistiksel \u00d6rnek B\u00fcy\u00fckl\u00fc\u011f\u00fc (EFE, E., 2000), Ara\u015ft\u0131rma ve Deneme Metodlar\u0131 I (Bek, Y. and EFE, E., 1987), SAS Yaz\u0131l\u0131m\u0131 ile \u0130statistiksel Analizler (Orhan, H., EFE, E. and \u015eahin, M., 2004).<\/p>\r\n<p>He has a total of 109 scientific works. 15 of which are internationally published and 21 of which are nationally published in peer-reviewed scientific journals, 19 of his works were presented and published in international scientific meetings and 38 of his works were presented and published in national scientific meetings.<\/p>\r\n<p>He teaches Bachelor&#8217;s, Master&#8217;s and Doctorate classes such asn Non-Parametric Statistics, Advanced Research and Trial Methods, Linear Models, Matrices in Statistics, Mathematical Statistics, Dispersion Theory, Use of Statistics Software, Statistical Methods in Quantitative Genetics, Covariance Analyses, Multi-variable Analysis, Determining Sample Size in Scientific Research, Internet and Accessing Scientific Information, Regression Analysis. He attended national and international symposiums, congresses, workshops and panels. He lectured in multiple conferences on Computer Technologies, environmental pollution and accessing scientific information.<\/p>\r\n<p>He advised 10 Master&#8217;s and 7 doctorate students and helped them complete their theses. He is still advisor of 1 Master&#8217;s and 2 doctorate theses.<\/p>\r\n<p>Besides academics, he is interested in literature, painting, mountaineering and photography. He was involved in the founding of various non-governmental organizations such as MADOSK (Kahramanmara\u015f Mountaineering and Nature Sports Association Club, 2004), KS\u00dcDER46 (Kahramanmara\u015f S\u00fct\u00e7\u00fc \u0130mam University Association for Lecturers, 2014), TCMK MARA\u015e (Kahramanmara\u015f Turkish Chopper Motorcycle Club, 2013), ZOODER46 (Kahramanmara\u015f Animal Science Graduates Association, 2008), ADD KMara\u015f (Ataturkist Thought Association Kahramanmara\u015f Branch, 2009), TEMA Kahramanmara\u015f (2008), SE\u00c7ENEK (Sustainable Ecological Environment and Protecting the Rights of Future Generations, 2015) and served \/ is still serving as the chair, honorary chair and\/or executive board member.<\/p>\r\n<p>Prof. Dr. Ercan EFE has been a member of Z\u0130DEK Advisory Board since June 2019.<\/p>\r\n","protected":false},"excerpt":{"rendered":"<p>Prof. Dr. Ercan EFE was born in Elmal\u0131\/Yaprakl\u0131 (G\u00fc\u011f\u00fc) Village of Antalya Province and completed his high school education at Antalya Aksu Teacher Training School which had been a Village Institute previously. He completed his Bachelor&#8217;s, Master&#8217;s and Doctorate at \u00c7ukurova University, Faculty of Agriculture, Department of Animal Science, Department of Biometry and Genetics and started to work there. He still continues to work in the same department at Kahramanmara\u015f S\u00fc\u00e7t\u00fc \u0130mam University. His specialty is Statistics, Applied Statistics, Biometry, Biostatistics and Research and Trial Methods. He authored 9 books in the fields of Statistics, Computer Programming, Information Technologies. His 4 [&hellip;]<\/p>\n","protected":false},"author":3,"featured_media":0,"parent":0,"menu_order":0,"comment_status":"closed","ping_status":"closed","template":"","meta":{"footnotes":""},"class_list":["post-6231","page","type-page","status-publish","hentry"],"aioseo_notices":[],"_links":{"self":[{"href":"https:\/\/zidek.org.tr\/en\/wp-json\/wp\/v2\/pages\/6231","targetHints":{"allow":["GET"]}}],"collection":[{"href":"https:\/\/zidek.org.tr\/en\/wp-json\/wp\/v2\/pages"}],"about":[{"href":"https:\/\/zidek.org.tr\/en\/wp-json\/wp\/v2\/types\/page"}],"author":[{"embeddable":true,"href":"https:\/\/zidek.org.tr\/en\/wp-json\/wp\/v2\/users\/3"}],"replies":[{"embeddable":true,"href":"https:\/\/zidek.org.tr\/en\/wp-json\/wp\/v2\/comments?post=6231"}],"version-history":[{"count":1,"href":"https:\/\/zidek.org.tr\/en\/wp-json\/wp\/v2\/pages\/6231\/revisions"}],"predecessor-version":[{"id":6236,"href":"https:\/\/zidek.org.tr\/en\/wp-json\/wp\/v2\/pages\/6231\/revisions\/6236"}],"wp:attachment":[{"href":"https:\/\/zidek.org.tr\/en\/wp-json\/wp\/v2\/media?parent=6231"}],"curies":[{"name":"wp","href":"https:\/\/api.w.org\/{rel}","templated":true}]}}