{"id":5939,"date":"2019-12-17T10:23:08","date_gmt":"2019-12-17T07:23:08","guid":{"rendered":"https:\/\/zidek.org.tr\/?page_id=5939"},"modified":"2023-07-12T13:22:05","modified_gmt":"2023-07-12T10:22:05","slug":"prof-dr-h-guclu-yavuzcan","status":"publish","type":"page","link":"https:\/\/zidek.org.tr\/en\/prof-dr-h-guclu-yavuzcan\/","title":{"rendered":"Prof. Dr. H. G\u00fc\u00e7l\u00fc YAVUZCAN"},"content":{"rendered":"<div class=\"fusion-fullwidth fullwidth-box fusion-builder-row-1 fusion-flex-container nonhundred-percent-fullwidth non-hundred-percent-height-scrolling\" style=\"--awb-border-radius-top-left:0px;--awb-border-radius-top-right:0px;--awb-border-radius-bottom-right:0px;--awb-border-radius-bottom-left:0px;--awb-flex-wrap:wrap;\" ><div class=\"fusion-builder-row fusion-row fusion-flex-align-items-flex-start fusion-flex-content-wrap\" style=\"max-width:1331.2px;margin-left: calc(-4% \/ 2 );margin-right: calc(-4% \/ 2 );\"><div class=\"fusion-layout-column fusion_builder_column fusion-builder-column-0 fusion_builder_column_1_1 1_1 fusion-flex-column\" style=\"--awb-bg-size:cover;--awb-width-large:100%;--awb-margin-top-large:0px;--awb-spacing-right-large:1.92%;--awb-margin-bottom-large:0px;--awb-spacing-left-large:1.92%;--awb-width-medium:100%;--awb-spacing-right-medium:1.92%;--awb-spacing-left-medium:1.92%;--awb-width-small:100%;--awb-spacing-right-small:1.92%;--awb-spacing-left-small:1.92%;\"><div class=\"fusion-column-wrapper fusion-flex-justify-content-flex-start fusion-content-layout-column\"><div class=\"fusion-text fusion-text-1\" style=\"--awb-content-alignment:justify;\"><p><img decoding=\"async\" class=\"lazyload wp-image-1001 aligncenter\" src=\"data:image\/svg+xml,%3Csvg%20xmlns%3D%27http%3A%2F%2Fwww.w3.org%2F2000%2Fsvg%27%20width%3D%27166%27%20height%3D%27199%27%20viewBox%3D%270%200%20166%20199%27%3E%3Crect%20width%3D%27166%27%20height%3D%27199%27%20fill-opacity%3D%220%22%2F%3E%3C%2Fsvg%3E\" data-orig-src=\"https:\/\/zidek.org.tr\/wp-content\/uploads\/2019\/12\/gyavuzcan6.jpg\" alt=\"\" width=\"166\" height=\"199\"><\/p>\n<p><span style=\"font-family: arial, helvetica, sans-serif;\"><img decoding=\"async\" class=\"lazyload wp-image-348 alignleft\" src=\"data:image\/svg+xml,%3Csvg%20xmlns%3D%27http%3A%2F%2Fwww.w3.org%2F2000%2Fsvg%27%20width%3D%2788%27%20height%3D%2790%27%20viewBox%3D%270%200%2088%2090%27%3E%3Crect%20width%3D%2788%27%20height%3D%2790%27%20fill-opacity%3D%220%22%2F%3E%3C%2Fsvg%3E\" data-orig-src=\"https:\/\/zidek.org.tr\/wp-content\/uploads\/2019\/11\/zidek2011webson1.png\" alt=\"\" width=\"88\" height=\"90\"><\/span><\/p>\n<p><span lang=\"EN\">He was born in 1970 in Ankara. He completed secondary and high school at TED Ankara College. In 1992, he completed his undergraduate education first in his class in Ankara University, Faculty of Agriculture, Department of Agricultural Machinery and Technologies Engineering. He completed his master&#8217;s degree in Ankara University, Institute of Science and Technology, Department of Agricultural Machinery and Technologies in 1994 and received the title of M.Sc. Engineer. He completed his doctorate in the Department of Agricultural Machinery and Technologies Engineering at Ankara University, Institute of Science and Technology in 1998, some of his doctorate studies were carried out with TUB\u0130TAK NATO scholarship, at Warsaw University of Life Sciences. He won the German Alexander von Humboldt Scholarship in 1998 and worked as a &#8220;senior researcher&#8221; in the Biosystems Engineering Department of the <\/span><span lang=\"EN\">Munich <\/span><span lang=\"EN\">Technical University and completed his Post-Doc. residency in 2000. In 1999, he obtained the title of associate professor in the field of Agricultural Machinery and Technologies Engineering. He also served as the Regional Projects Coordinator and Kazakhstan (Almaty) representative to the Turkish Cooperation and Coordination Agency (T\u0130KA) between 2000-2002.<\/span><\/p>\n<p><span lang=\"EN\">In 2002, he was appointed as a lecturer (Assoc. Prof.) to the Department of Industrial Technology Education at Gazi University. He received the title of Professor in 2005. He served as the Head of the Department of Industrial Technology Education between 2005 and 2013 and the Head of the Department of Energy and Transportation Technologies Education between 2002-2013. Between 2006 and 2009, he served as the Senator of Gazi University. In 2013, he was appointed as a faculty member (Prof. Dr.) and the first Head of Department at Gazi University, Faculty of Architecture, Department of Industrial Design, and served as the head of the department for two terms.<\/span><\/p>\n<p><span lang=\"EN\">In 2004, he undertook the execution of the first EU pilot project obtained by Gazi University on behalf of Turkey. EU Leonardo da Vinci Project named \u201cNew Approaches in Technology Training\u201d, which he carried out between 2005-2007, was selected among the 50 most successful projects among all projects carried out within the EU by the EU Commission and was awarded (Helsinki Awards, 2006). In 2007, he was selected by the EU Commission Executive Agency (EACEA) as the EU Commission Evaluation Expert, a duty which he still continues.<\/span><\/p>\n<p>Between 2006 and 2008, he worked as the Advisor in charge of Patent and International Projects to the President of Gazi University  and carried out the establishment and organization activities of the Patent Support Unit in Gazi University, which he designed as the first model in public universities in Turkey. He was deemed worthy of the International Intellectual Property Rights Research Award in 2008 for his Technology Transfer Office model. In 2009, he succeeded in the exam held by the Turkish Patent Institute and became a &#8220;patent and industrial design attorney&#8221;.<\/p>\n<p>In 2007, he took part in the National Team of Bologna Experts formed by the Council of Higher Education of T\u00fcrkiye and the EU Commission, and carried out studies on quality assurance in higher education and national qualifications framework in various universities. He held various positions within the European Universities Association (EUA). He took part in the consortium of the EU project \u201cQuality Assurance for the Higher Education Change Agenda\u201d carried out by the European Universities Association (EUA) and the German Accreditation Agency (ACQUIN) between 2007-2009. During this period, he carried out model development studies on self-assessment methods at universities.<\/p>\n<p>Since 2004, he has been involved as an executive, coordinator and consultant in various pilot, innovation transfer, strategic partnership and mobility projects within the scope of EU Education Programs (Leonardo da Vinci and Erasmus). Between 2005 and 2013, he taught undergraduate and graduate courses at Germany&#8217;s Duisburg-Essen, Flensbug and Potsdam Universities and Spain&#8217;s Sevilla University within the scope of EU Erasmus Program for different periods. In 2011, with a Y\u00d6K scholarship, he conducted research as a visiting professor at Mississippi State University in the USA for two months.<\/p>\n<p><span lang=\"EN\">In 2017, he was selected as an Academic Evaluator of the Turkish Higher Education Quality Council (Y\u00d6KAK). Between 2009 and 2015, he undertook various duties in the R&amp;D Center, SAN-TEZ, Technoenterpreneurship and Technoinvestment programs&#8217; executive committee and evaluation commissions under the Ministry of Industry and Technology. Since 2017, he has been working in the R&amp;D and Design Center evaluation commissions of the Ministry of Industry and Technology.<\/span><\/p>\n<p>There is a total of 25 projects, most of which are at international level, that have been completed under his management so far. He is still working as a lecturer (Prof. Dr.) at Gazi University, Faculty of Architecture, Department of Industrial Design. In addition, he has been an Academic Evaluator of the Higher Education Quality Council (Y\u00d6KAK) since 2017, a member of the KOSGEB R&amp;D, Innovation and Industrial Application Support Program Evaluation Board since 2018 and a member of the evaluation commission for R&amp;D and Design Centers of the Ministry of Industry and Technology since 2017. He is a member of the evaluation commission and has been working as an Evaluation Expert at the European Education and Culture Executive Agency (EACEA) since 2007.<\/p>\n<p>Prof. Dr. H. G\u00fc\u00e7l\u00fc YAVUZCAN served as a member of the  Z\u0130DEK Advisory Board since between 2019-2022 and has been serving as a Member of Z\u0130DEK Executive Board since 25.06.2021.<\/p>\n<p>He has excellent command of English language and good command of German language.<\/p>\n<\/div><\/div><\/div><\/div><\/div>\n","protected":false},"excerpt":{"rendered":"","protected":false},"author":3,"featured_media":0,"parent":0,"menu_order":0,"comment_status":"closed","ping_status":"closed","template":"","meta":{"footnotes":""},"class_list":["post-5939","page","type-page","status-publish","hentry"],"aioseo_notices":[],"_links":{"self":[{"href":"https:\/\/zidek.org.tr\/en\/wp-json\/wp\/v2\/pages\/5939","targetHints":{"allow":["GET"]}}],"collection":[{"href":"https:\/\/zidek.org.tr\/en\/wp-json\/wp\/v2\/pages"}],"about":[{"href":"https:\/\/zidek.org.tr\/en\/wp-json\/wp\/v2\/types\/page"}],"author":[{"embeddable":true,"href":"https:\/\/zidek.org.tr\/en\/wp-json\/wp\/v2\/users\/3"}],"replies":[{"embeddable":true,"href":"https:\/\/zidek.org.tr\/en\/wp-json\/wp\/v2\/comments?post=5939"}],"version-history":[{"count":1,"href":"https:\/\/zidek.org.tr\/en\/wp-json\/wp\/v2\/pages\/5939\/revisions"}],"predecessor-version":[{"id":7118,"href":"https:\/\/zidek.org.tr\/en\/wp-json\/wp\/v2\/pages\/5939\/revisions\/7118"}],"wp:attachment":[{"href":"https:\/\/zidek.org.tr\/en\/wp-json\/wp\/v2\/media?parent=5939"}],"curies":[{"name":"wp","href":"https:\/\/api.w.org\/{rel}","templated":true}]}}