{"id":5760,"date":"2019-12-17T10:12:45","date_gmt":"2019-12-17T07:12:45","guid":{"rendered":"https:\/\/zidek.org.tr\/?page_id=5760"},"modified":"2023-07-12T13:23:51","modified_gmt":"2023-07-12T10:23:51","slug":"prof-dr-atilla-eris","status":"publish","type":"page","link":"https:\/\/zidek.org.tr\/en\/prof-dr-atilla-eris\/","title":{"rendered":"Prof. Dr. Atilla ER\u0130\u015e"},"content":{"rendered":"<div class=\"fusion-fullwidth fullwidth-box fusion-builder-row-1 fusion-flex-container nonhundred-percent-fullwidth non-hundred-percent-height-scrolling\" style=\"--awb-border-radius-top-left:0px;--awb-border-radius-top-right:0px;--awb-border-radius-bottom-right:0px;--awb-border-radius-bottom-left:0px;--awb-flex-wrap:wrap;\" ><div class=\"fusion-builder-row fusion-row fusion-flex-align-items-flex-start fusion-flex-content-wrap\" style=\"max-width:1331.2px;margin-left: calc(-4% \/ 2 );margin-right: calc(-4% \/ 2 );\"><div class=\"fusion-layout-column fusion_builder_column fusion-builder-column-0 fusion_builder_column_1_1 1_1 fusion-flex-column\" style=\"--awb-bg-size:cover;--awb-width-large:100%;--awb-margin-top-large:0px;--awb-spacing-right-large:1.92%;--awb-margin-bottom-large:0px;--awb-spacing-left-large:1.92%;--awb-width-medium:100%;--awb-spacing-right-medium:1.92%;--awb-spacing-left-medium:1.92%;--awb-width-small:100%;--awb-spacing-right-small:1.92%;--awb-spacing-left-small:1.92%;\"><div class=\"fusion-column-wrapper fusion-flex-justify-content-flex-start fusion-content-layout-column\"><div class=\"fusion-text fusion-text-1\"><p><img decoding=\"async\" class=\"lazyload wp-image-989 aligncenter\" src=\"https:\/\/zidek.org.tr\/wp-content\/uploads\/2019\/12\/AtillaEris.-300x300.jpg\" data-orig-src=\"https:\/\/zidek.org.tr\/wp-content\/uploads\/2019\/12\/AtillaEris.-300x300.jpg\" alt=\"\" width=\"166\" height=\"166\" srcset=\"data:image\/svg+xml,%3Csvg%20xmlns%3D%27http%3A%2F%2Fwww.w3.org%2F2000%2Fsvg%27%20width%3D%27166%27%20height%3D%27166%27%20viewBox%3D%270%200%20166%20166%27%3E%3Crect%20width%3D%27166%27%20height%3D%27166%27%20fill-opacity%3D%220%22%2F%3E%3C%2Fsvg%3E\" data-srcset=\"https:\/\/zidek.org.tr\/wp-content\/uploads\/2019\/12\/AtillaEris.-150x150.jpg 150w, https:\/\/zidek.org.tr\/wp-content\/uploads\/2019\/12\/AtillaEris.-174x174.jpg 174w, https:\/\/zidek.org.tr\/wp-content\/uploads\/2019\/12\/AtillaEris.-250x250.jpg 250w, https:\/\/zidek.org.tr\/wp-content\/uploads\/2019\/12\/AtillaEris.-300x300.jpg 300w, https:\/\/zidek.org.tr\/wp-content\/uploads\/2019\/12\/AtillaEris.-480x480.jpg 480w, https:\/\/zidek.org.tr\/wp-content\/uploads\/2019\/12\/AtillaEris..jpg 591w\" data-sizes=\"auto\" data-orig-sizes=\"(max-width: 166px) 100vw, 166px\" \/><\/p>\n<p><span style=\"font-family: arial, helvetica, sans-serif;\"><img decoding=\"async\" class=\"lazyload alignleft wp-image-348\" src=\"data:image\/svg+xml,%3Csvg%20xmlns%3D%27http%3A%2F%2Fwww.w3.org%2F2000%2Fsvg%27%20width%3D%2788%27%20height%3D%2790%27%20viewBox%3D%270%200%2088%2090%27%3E%3Crect%20width%3D%2788%27%20height%3D%2790%27%20fill-opacity%3D%220%22%2F%3E%3C%2Fsvg%3E\" data-orig-src=\"https:\/\/zidek.org.tr\/wp-content\/uploads\/2019\/11\/zidek2011webson1.png\" alt=\"\" width=\"88\" height=\"90\"><\/span><\/p>\n<p><span style=\"font-family: 'Arial','sans-serif';\" lang=\"EN\">After completing his undergraduate education at Ankara University Faculty of Agriculture in 1966, he became a Doctor of Agriculture in 1972, Associate Professor in 1977 and Professor at Uluda\u011f University in 1983. In 1996, he was awarded an \u201cHonorary Doctorate\u201d by the Belarusian Academy of Sciences. <\/span><span style=\"font-family: 'Arial','sans-serif';\" lang=\"EN\">He was a visiting professor at West Virginia University in the USA,<\/span><span style=\"font-family: 'Arial','sans-serif';\" lang=\"EN\"> Bonn, Siegen and Hohenheim Universities and Geilweilerhof Research Institute in Germany for the purpose of long-term scientific projects and research on various dates. He was the Deputy Chairman of the Prime Ministry GAP Regional Development Administration Organization between 1989-1991, Vice President at Uluda\u011f University between 1992-2000, Member of the Executive Board at T\u00dcB\u0130TAK TOGTAG between 2001-2004, a member of the Fundamentals Associate Professorship Commission at the Inter-University Board<\/span><span style=\"font-family: 'Arial','sans-serif';\" lang=\"EN\"> between 2005-2009.<\/span><span style=\"font-family: 'Arial','sans-serif';\" lang=\"EN\"> He served as a member of the Turkish <\/span><span style=\"font-family: 'Arial','sans-serif';\" lang=\"EN\">Council of <\/span><span style=\"font-family: 'Arial','sans-serif';\" lang=\"EN\">Higher Education (Y\u00d6K) between 2004-2012 and as a member of the Y\u00d6K-Executive Committee between 2008-2012. He carried out the establishment efforts of the Turkish-German University as the coordinator of the Turkish side within the framework of the international agreement between Turkey and Germany. Between 2012-2019, he also served as the Vice President, Inter-University Board Member, Dean of the Faculty of Engineering and Natural Sciences, Director of the Business Ethics Application and Research Center and also Higher Education Studies Application and Research Center at Istanbul Bilgi University. Apart from his studies in T\u00fcrkiye on \u201cAcademic Quality Evaluation and Accreditation at Universities\u201d and \u201cResource Allocation and Financing at Universities\u201d, he carried out projects in Germany, England and the United States. Between 1994-1998, he was the coordinator and executive for T\u00fcrkiye for 4 years of the \u201cSummer Academy\u201d studies  for graduate students, which is a joint project between Turkiye and Germany.  He has more than 300 scientific publications both national and international, and has been a member of the editorial boards of various journals.<\/span><\/p>\n<p><span style=\"font-family: 'Arial','sans-serif';\" lang=\"EN\">Prof. Dr. Atilla ER\u0130\u015e served as a Member of the Z\u0130DEK Advisory Board between 2019-2022 and <\/span><span style=\"font-family: 'Arial','sans-serif';\" lang=\"EN\">has been serving <\/span><span style=\"font-family: 'Arial','sans-serif';\" lang=\"EN\">as a Member of the Z\u0130DEK Executive Board since 25.06.2021.<\/span><\/p>\n<\/div><\/div><\/div><\/div><\/div>\n","protected":false},"excerpt":{"rendered":"","protected":false},"author":3,"featured_media":0,"parent":0,"menu_order":0,"comment_status":"closed","ping_status":"closed","template":"","meta":{"footnotes":""},"class_list":["post-5760","page","type-page","status-publish","hentry"],"aioseo_notices":[],"_links":{"self":[{"href":"https:\/\/zidek.org.tr\/en\/wp-json\/wp\/v2\/pages\/5760","targetHints":{"allow":["GET"]}}],"collection":[{"href":"https:\/\/zidek.org.tr\/en\/wp-json\/wp\/v2\/pages"}],"about":[{"href":"https:\/\/zidek.org.tr\/en\/wp-json\/wp\/v2\/types\/page"}],"author":[{"embeddable":true,"href":"https:\/\/zidek.org.tr\/en\/wp-json\/wp\/v2\/users\/3"}],"replies":[{"embeddable":true,"href":"https:\/\/zidek.org.tr\/en\/wp-json\/wp\/v2\/comments?post=5760"}],"version-history":[{"count":1,"href":"https:\/\/zidek.org.tr\/en\/wp-json\/wp\/v2\/pages\/5760\/revisions"}],"predecessor-version":[{"id":7121,"href":"https:\/\/zidek.org.tr\/en\/wp-json\/wp\/v2\/pages\/5760\/revisions\/7121"}],"wp:attachment":[{"href":"https:\/\/zidek.org.tr\/en\/wp-json\/wp\/v2\/media?parent=5760"}],"curies":[{"name":"wp","href":"https:\/\/api.w.org\/{rel}","templated":true}]}}