{"id":4683,"date":"2016-08-11T15:54:52","date_gmt":"2016-08-11T12:54:52","guid":{"rendered":"https:\/\/zidek.org.tr\/zidekbelgeler\/"},"modified":"2025-12-31T12:15:50","modified_gmt":"2025-12-31T09:15:50","slug":"zidekbelgeler","status":"publish","type":"page","link":"https:\/\/zidek.org.tr\/en\/zidekbelgeler\/","title":{"rendered":"DOCUMENTS"},"content":{"rendered":"<div class=\"fusion-fullwidth fullwidth-box fusion-builder-row-1 fusion-flex-container nonhundred-percent-fullwidth non-hundred-percent-height-scrolling\" style=\"--link_hover_color: var(--awb-color4);--link_color: #2204ce;--awb-border-radius-top-left:0px;--awb-border-radius-top-right:0px;--awb-border-radius-bottom-right:0px;--awb-border-radius-bottom-left:0px;--awb-flex-wrap:wrap;\" ><div class=\"fusion-builder-row fusion-row fusion-flex-align-items-flex-start fusion-flex-content-wrap\" style=\"max-width:1331.2px;margin-left: calc(-4% \/ 2 );margin-right: calc(-4% \/ 2 );\"><div class=\"fusion-layout-column fusion_builder_column fusion-builder-column-0 fusion_builder_column_1_1 1_1 fusion-flex-column\" style=\"--awb-bg-blend:overlay;--awb-bg-size:cover;--awb-width-large:100%;--awb-margin-top-large:0px;--awb-spacing-right-large:1.92%;--awb-margin-bottom-large:0px;--awb-spacing-left-large:1.92%;--awb-width-medium:100%;--awb-spacing-right-medium:1.92%;--awb-spacing-left-medium:1.92%;--awb-width-small:100%;--awb-spacing-right-small:1.92%;--awb-spacing-left-small:1.92%;\"><div class=\"fusion-column-wrapper fusion-flex-justify-content-flex-start fusion-content-layout-column\"><div class=\"fusion-text fusion-text-1\"><p><strong>Z\u0130DEK <\/strong>Charter and directives, regulations and other documents prepared according to the charter to be used in Z\u0130DEK activities are listed below.<\/p>\n<p><strong>CHARTER:<\/strong><\/p>\n<ul>\n<li>Z\u0130DEK Charter (Version 3.0-13.06.2022) &#8211; <a href=\"https:\/\/zidek.org.tr\/wp-content\/uploads\/2022\/11\/1.ZIDEK-CHARTER-3.0.pdf\"><strong>pdf<\/strong><\/a><\/li>\n<\/ul>\n<p><strong>REGULATIONS:<\/strong><\/p>\n<ul>\n<li>Z\u0130DEK Operational Regulations (Version 4.1-01.01.2023) &#8211; <a href=\"https:\/\/zidek.org.tr\/wp-content\/uploads\/2022\/12\/2.ZIDEK-Operational-Regulations-4.1.pdf\"><b>pdf <\/b><\/a><span style=\"color: #ff0000;\"><br><\/span><\/li>\n<li>Z\u0130DEK Budget and Financial Affairs Regulation (Version 2.0-08.04.2019) &#8211; <a href=\"https:\/\/zidek.org.tr\/wp-content\/uploads\/2022\/10\/3.ZIDEK-Budget-and-Financial-Affairs-Regulations.pdf\"><strong>pdf<\/strong><\/a><\/li>\n<\/ul>\n<p><strong>DIRECTIVES:<\/strong><\/p>\n<ul>\n<li>Z\u0130DEK Directive on the Nominating Committee (Version 1.1-01.01.2023) &#8211; <a href=\"https:\/\/zidek.org.tr\/wp-content\/uploads\/2022\/12\/4.ZIDEK-Directive-on-the-Nominating-Committee-1.1.pdf\"><b>pdf <\/b><\/a><\/li>\n<li>Z\u0130DEK Directive on Archiving (Version 2.1-01.01.2023) &#8211; <a href=\"https:\/\/zidek.org.tr\/wp-content\/uploads\/2022\/12\/5.ZIDEK-Directive-on-Archiving-2.1.pdf\"><b>pdf <\/b><\/a><\/li>\n<li>Z\u0130DEK Directive on Procedures for Determining Evaluation Criteria (Version 3.1-01.01.2023) &#8211; <b><a href=\"https:\/\/zidek.org.tr\/wp-content\/uploads\/2022\/12\/6.ZIDEK-Directive-on-PDEC-3.1.pdf\">pdf <\/a><\/b><span style=\"color: #ff0000;\"><br><\/span><\/li>\n<li>Z\u0130DEK Directive on Policies and Procedures for Evaluation and Accreditation (Version 3.2-06.12.2024) &#8211; <b><a href=\"https:\/\/zidek.org.tr\/wp-content\/uploads\/2025\/10\/ZIDEK-Directive-on-PPEA-3.2.pdf\">pdf<\/a> <\/b><\/li>\n<li>Z\u0130DEK Directive on Training and Dissemination Committee (Version 1.1-01.01.2023) &#8211; <a href=\"https:\/\/zidek.org.tr\/wp-content\/uploads\/2022\/12\/8.ZIDEK-Directive-on-Training-and-Dissemination-Committee-1.1.pdf\"><b>pdf <\/b><\/a><\/li>\n<li>Z\u0130DEK Directive on Continuous Improvement Committee (Version 1.1-01.01.2023) &#8211; <b><a href=\"https:\/\/zidek.org.tr\/wp-content\/uploads\/2022\/12\/9.ZIDEK-Directive-on-Continuous-Improvement-Committee-1.1.pdf\">p<u>d<\/u>f <\/a><\/b><b><span style=\"color: #ff0000;\"><br><\/span><\/b><\/li>\n<li>Z\u0130DEK Directive on Publicity and Presentation (Version 1.0-03.05.2021) &#8211; <a href=\"https:\/\/zidek.org.tr\/wp-content\/uploads\/2022\/11\/ZIDEK-Directive-on-Publicity-and-Presentation-1.0-03.05.2021.pdf\"><strong>pdf <\/strong><\/a><\/li>\n<\/ul>\n<p><strong>DOCUMENTS FOR EVALUATORS AND INSTITUTIONS:<\/strong><\/p>\n<p><span style=\"text-decoration: underline;\"><strong>Undergraduate Programs<\/strong><\/span><\/p>\n<ul>\n<li>Z\u0130DEK 2026-2027 Term Undergraduate Program Application Form (in Turkish) &#8211; <strong><a href=\"https:\/\/zidek.org.tr\/wp-content\/uploads\/2025\/12\/ZIDEK-Lisans-Programlari-Degerlendirme-Basvuru-Formu-2026-2027.docx\">docx<\/a> &#8211; <\/strong><span style=\"color: #ff0000;\"><b>Updated<\/b><\/span><\/li>\n<li>Z\u0130DEK Evaluation Criteria for Bachelor&#8217;s Degree Programs (Version 2.4-06.12.2024) &#8211; <strong><a href=\"https:\/\/zidek.org.tr\/wp-content\/uploads\/2025\/10\/10.ZIDEK-Evaluation-Criteria-for-Bachelors-Version-2.4-06.12.2024.pdf\">pdf<\/a><\/strong><\/li>\n<li>Z\u0130DEK Self-Assessment Report (Version 2.2-03.05.2021) &#8211; <strong><a href=\"https:\/\/zidek.org.tr\/wp-content\/uploads\/2022\/10\/11.ZIDEK-Self-Assessment-Report.docx\">docx<\/a> <\/strong>&#8211; <a href=\"https:\/\/zidek.org.tr\/wp-content\/uploads\/2022\/10\/11.ZIDEK-Self-Assessment-Report.pdf\"><strong>pdf<\/strong><\/a><\/li>\n<li>Z\u0130DEK Issues to be Considered During the Preparation of Self Assessment Report (Version 2.1 &#8211; 01.01.2023) &#8211; <a href=\"https:\/\/zidek.org.tr\/wp-content\/uploads\/2022\/12\/18.ZIDEK-Issues-to-be-Considered-During-the-Preparation-of-Self-Assessment-Report-2.1.pdf\"><b>pdf<\/b><\/a><\/li>\n<li>Z\u0130DEK Issues to be Considered During the Preparation of Interim Report (Version 2.0-08.04.2019) &#8211; <a href=\"https:\/\/zidek.org.tr\/wp-content\/uploads\/2022\/10\/17.ZIDEK-Issues-to-be-Considered-During-the-Preparation-of-Interim-Report.pdf\"><strong>pdf<\/strong><\/a><\/li>\n<li>Z\u0130DEK Program Evaluator Report (Version 2.1-03.05.2021) &#8211; <a href=\"https:\/\/zidek.org.tr\/wp-content\/uploads\/2022\/10\/12.ZIDEK-Program-Evaluator-Report.docx\"><strong>docx<\/strong> <\/a>&#8211; <a href=\"https:\/\/zidek.org.tr\/wp-content\/uploads\/2022\/10\/12.ZIDEK-Program-Evaluator-Report.pdf\"><strong>pdf<\/strong><\/a><\/li>\n<li>Z\u0130DEK Student Evaluator Report (no English version of original Turkish Version 1.0-08.04.2019) &#8211; <strong><a href=\"https:\/\/zidek.org.tr\/wp-content\/uploads\/2022\/11\/22.ZIDEK-Student-Evaluator-Report.docx\">docx<\/a> <\/strong>&#8211; <a href=\"https:\/\/zidek.org.tr\/wp-content\/uploads\/2022\/11\/22.ZIDEK-Student-Evaluator-Report.pdf\"><strong>pdf<\/strong><\/a><\/li>\n<li>Z\u0130DEK Program Evaluator Worksheet (FORM 3) (Version 2.1-03.05.2021) &#8211; <strong><a href=\"https:\/\/zidek.org.tr\/wp-content\/uploads\/2022\/10\/13.ZIDEK-FORM3-Version-2.1-03.05.2021.docx\">docx<\/a> <\/strong>&#8211; <a href=\"https:\/\/zidek.org.tr\/wp-content\/uploads\/2022\/10\/13.ZIDEK-FORM3-Version-2.1-03.05.2021.pdf\"><strong>pdf <\/strong><\/a><\/li>\n<li>Z\u0130DEK Evaluation Manual (Version 3.1-01.01.2023) &#8211; <a href=\"https:\/\/zidek.org.tr\/wp-content\/uploads\/2022\/12\/14.-ZIDEK-Evaluation-Manual-3.1.pdf\"><b>pdf <\/b><\/a><\/li>\n<\/ul>\n<p><span style=\"text-decoration: underline;\"><strong>Remote Evaluation<\/strong><\/span><\/p>\n<ul>\n<li>Z\u0130DEK Manual for Remote Evaluation of Programs (Version 1.2-01.01.2023) &#8211; <b><a href=\"https:\/\/zidek.org.tr\/wp-content\/uploads\/2022\/12\/19.ZIDEK-Manual-for-Remote-Evaluation-of-Programs-1.2.pdf\">pdf <\/a><\/b><\/li>\n<li>Z\u0130DEK Issues to be Considered During the Preparation of Supplementary Self Assessment Report (Version 1.0-03.05.2021) &#8211; <a href=\"https:\/\/zidek.org.tr\/wp-content\/uploads\/2022\/11\/20.ZIDEK-Issues-to-be-Considered-During-the-Preparation-of-Supplementary-Self-Assessment-Report.pdf\"><strong>pdf <\/strong><\/a><\/li>\n<\/ul>\n<p><span style=\"text-decoration: underline;\"><strong>General<\/strong><\/span><\/p>\n<ul>\n<li>Z\u0130DEK Assessment of Evaluation Team Members (Turkish &#8211; Version 2.0-18.04.2018) &#8211; <a href=\"https:\/\/zidek.org.tr\/wp-content\/uploads\/2019\/12\/Z%C4%B0DEK-De%C4%9Ferlendirme-Tak%C4%B1m-%C3%9Cyelerinin-De%C4%9Ferlendirilmesi-MK-23.12.2019.pdf\"><strong>pdf<\/strong><\/a><\/li>\n<li>Z\u0130DEK Rules on Writing Styles for Z\u0130DEK Reports (Turkish &#8211; Version 1.0-18.04.2018) &#8211; <strong><a href=\"https:\/\/zidek.org.tr\/wp-content\/uploads\/2022\/04\/49..-ZIDEK-Raporlari-Yazim-Kurallari-12.04.2022-DIGS.pdf\">pdf<\/a><\/strong><\/li>\n<li>Z\u0130DEK Rules on Participation of Student Evaluators in Evaluation Teams (Version 2.1-03.05.2021) &#8211; <a href=\"https:\/\/zidek.org.tr\/wp-content\/uploads\/2022\/11\/21.ZIDEK-Rules-on-Participation-of-Student-Evaluators-in-Evaluation-Teams.pdf\"><strong>pdf <\/strong><\/a><\/li>\n<\/ul>\n<p><strong>OTHER DOCUMENTS:<\/strong><\/p>\n<ul>\n<li>Z\u0130DEK Evaluator Candidate Questionnaire (Turkish &#8211; Version 1.2-01.01.2023) &#8211; <strong><a href=\"https:\/\/zidek.org.tr\/wp-content\/uploads\/2021\/03\/3.1.ZIDEK-Degerlendirici-ADAY-ANKETI.docx\">docx<\/a><\/strong><\/li>\n<li>Z\u0130DEK Code of Ethics (Version 1.0-10.10.2018) &#8211; <a href=\"https:\/\/zidek.org.tr\/wp-content\/uploads\/2022\/10\/15.-ZIDEK-Code-of-Ethics.pdf\"><strong>pdf<\/strong><\/a><\/li>\n<li>Z\u0130DEK Quality Policy (Version 1.0-10.10.2018) &#8211; <a href=\"https:\/\/zidek.org.tr\/wp-content\/uploads\/2022\/10\/16.ZIDEK-Quality-Policy.pdf\"><strong>pdf<\/strong><\/a><\/li>\n<li>Z\u0130DEK Turkish-English Words and Terms List (Version 1.0-10.10.2018) &#8211; <strong><a href=\"https:\/\/zidek.org.tr\/wp-content\/uploads\/2019\/12\/Z\u0130DEK-T\u00fcrk\u00e7e-\u0130ngilizce-S\u00f6zc\u00fck-ve-Terim-Listesi-MK-17.12.2019.pdf\">pdf<\/a><\/strong><br>\n<hr>\n<\/li>\n<\/ul>\n<p><strong>TRAINING QUESTIONNAIRES:<\/strong><\/p>\n<ul>\n<li>Z\u0130DEK Institution Training Workshop Questionnaire<\/li>\n<li>Z\u0130DEK Three-word Survey<\/li>\n<li>Z\u0130DEK Program Evaluator Training Workshop Questionnaire<\/li>\n<li>Z\u0130DEK Personal Work Styles<\/li>\n<\/ul>\n<p>&nbsp;<\/p><\/p>\n<\/div><\/div><\/div><\/div><\/div>","protected":false},"excerpt":{"rendered":"","protected":false},"author":1,"featured_media":0,"parent":0,"menu_order":0,"comment_status":"closed","ping_status":"closed","template":"","meta":{"footnotes":""},"class_list":["post-4683","page","type-page","status-publish","hentry"],"aioseo_notices":[],"_links":{"self":[{"href":"https:\/\/zidek.org.tr\/en\/wp-json\/wp\/v2\/pages\/4683","targetHints":{"allow":["GET"]}}],"collection":[{"href":"https:\/\/zidek.org.tr\/en\/wp-json\/wp\/v2\/pages"}],"about":[{"href":"https:\/\/zidek.org.tr\/en\/wp-json\/wp\/v2\/types\/page"}],"author":[{"embeddable":true,"href":"https:\/\/zidek.org.tr\/en\/wp-json\/wp\/v2\/users\/1"}],"replies":[{"embeddable":true,"href":"https:\/\/zidek.org.tr\/en\/wp-json\/wp\/v2\/comments?post=4683"}],"version-history":[{"count":4,"href":"https:\/\/zidek.org.tr\/en\/wp-json\/wp\/v2\/pages\/4683\/revisions"}],"predecessor-version":[{"id":9447,"href":"https:\/\/zidek.org.tr\/en\/wp-json\/wp\/v2\/pages\/4683\/revisions\/9447"}],"wp:attachment":[{"href":"https:\/\/zidek.org.tr\/en\/wp-json\/wp\/v2\/media?parent=4683"}],"curies":[{"name":"wp","href":"https:\/\/api.w.org\/{rel}","templated":true}]}}