{"id":4625,"date":"2019-11-28T10:58:11","date_gmt":"2019-11-28T07:58:11","guid":{"rendered":"https:\/\/zidek.org.tr\/iktisadi-isletme\/"},"modified":"2023-08-28T17:02:10","modified_gmt":"2023-08-28T14:02:10","slug":"iktisadi-isletme","status":"publish","type":"page","link":"https:\/\/zidek.org.tr\/en\/iktisadi-isletme\/","title":{"rendered":"Z\u0130DEK Economic Enterprise"},"content":{"rendered":"<p><strong><span style=\"font-family: arial, helvetica, sans-serif;\">The Association for Evaluation and Accreditation of Agricultural Engineering Educational Programs Z\u0130DEK Economic Enterprise<br \/>\n<\/span><\/strong><\/p>\n<p><strong><span style=\"font-family: arial, helvetica, sans-serif;\">Enterprise Director<\/span><\/strong><br \/>\n<span class=\"fusion-popover popover-1\" data-animation=\"1\" data-class=\"popover-1\" data-container=\"popover-1\" data-html-content=\"&lt;img src=&quot;https:\/\/zidek.org.tr\/wp-content\/uploads\/2019\/12\/G.S\u00f6ylemezoglu-232x300.jpg&quot; alt=&quot;&quot; width=&quot;166&quot; height=&quot;214&quot;\/&gt;\n\" data-delay=\"50\" data-placement=\"top\" data-toggle=\"popover\" data-trigger=\"hover\"><strong>G\u00f6khan S\u00d6YLEMEZO\u011eLU<\/strong><\/span><\/p>\n<p><strong><span style=\"font-family: arial, helvetica, sans-serif;\">Administrative and Financial Manager<\/span><\/strong><br \/>\n<span style=\"font-family: arial, helvetica, sans-serif;\">Ali AKDO\u011eANBULUT<\/span><\/p>\n<p><strong><span style=\"font-family: arial, helvetica, sans-serif;\">Office Manager<\/span><\/strong><br \/>\n<span class=\"fusion-popover popover-2\" data-animation=\"1\" data-class=\"popover-2\" data-container=\"popover-2\" data-html-content=\"&lt;img src=&quot;https:\/\/zidek.org.tr\/wp-content\/uploads\/2023\/08\/dorukilgazzidek-1.jpg&quot; alt=&quot;&quot; width=&quot;166&quot; height=&quot;214&quot;\/&gt;\n\" data-delay=\"50\" data-placement=\"top\" data-toggle=\"popover\" data-trigger=\"hover\"><strong>Doruk \u0130LGAZ<\/strong><\/span><\/p>\n<p><strong><span style=\"font-family: arial, helvetica, sans-serif;\">Contact Information<\/span><\/strong><br \/>\n<span style=\"font-family: arial, helvetica, sans-serif;\">Me\u015frutiyet Mahallesi Karanfil Sokak Hisar Apt. No: 28\/20<\/span><br \/>\n<span style=\"font-family: arial, helvetica, sans-serif;\">\u00c7ankaya\/ Ankara \/ TURKEY<br \/>\n<\/span><\/p>\n<p><strong><span style=\"font-family: arial, helvetica, sans-serif;\">Tax Office and No<\/span><\/strong><br \/>\n<span style=\"font-family: arial, helvetica, sans-serif;\">\u00c7ankaya \/ No: 9990997498<\/span><\/p>\n<p><strong><span style=\"font-family: arial, helvetica, sans-serif;\">Trade Registry No<\/span><\/strong><br \/>\n<span style=\"font-family: arial, helvetica, sans-serif;\">Ankara\/432114<\/span><\/p>\n<p><strong><span style=\"font-family: arial, helvetica, sans-serif;\">Bank\/Branch\/Account No.\/IBAN<\/span><\/strong><br \/>\n<span style=\"font-family: arial, helvetica, sans-serif;\">T\u00fcrkiye \u0130\u015f Bankas\u0131<br \/>\nD\u0131\u015fkap\u0131 \u015eubesi<br \/>\n4206-1331746<br \/>\n<strong>TR<\/strong>53 0006 4000 0014 2061 3317 46<\/span><\/p>\n","protected":false},"excerpt":{"rendered":"<p>The Association for Evaluation and Accreditation of Agricultural Engineering Educational Programs Z\u0130DEK Economic Enterprise Enterprise Director Administrative and Financial Manager Ali AKDO\u011eANBULUT Office Manager Contact Information Me\u015frutiyet Mahallesi Karanfil Sokak Hisar Apt. No: 28\/20 \u00c7ankaya\/ Ankara \/ TURKEY Tax Office and No \u00c7ankaya \/ No: 9990997498 Trade Registry No Ankara\/432114 Bank\/Branch\/Account No.\/IBAN T\u00fcrkiye \u0130\u015f Bankas\u0131 D\u0131\u015fkap\u0131 \u015eubesi 4206-1331746 TR53 0006 4000 0014 2061 3317 46<\/p>\n","protected":false},"author":1,"featured_media":0,"parent":0,"menu_order":0,"comment_status":"closed","ping_status":"closed","template":"","meta":{"footnotes":""},"class_list":["post-4625","page","type-page","status-publish","hentry"],"aioseo_notices":[],"_links":{"self":[{"href":"https:\/\/zidek.org.tr\/en\/wp-json\/wp\/v2\/pages\/4625","targetHints":{"allow":["GET"]}}],"collection":[{"href":"https:\/\/zidek.org.tr\/en\/wp-json\/wp\/v2\/pages"}],"about":[{"href":"https:\/\/zidek.org.tr\/en\/wp-json\/wp\/v2\/types\/page"}],"author":[{"embeddable":true,"href":"https:\/\/zidek.org.tr\/en\/wp-json\/wp\/v2\/users\/1"}],"replies":[{"embeddable":true,"href":"https:\/\/zidek.org.tr\/en\/wp-json\/wp\/v2\/comments?post=4625"}],"version-history":[{"count":1,"href":"https:\/\/zidek.org.tr\/en\/wp-json\/wp\/v2\/pages\/4625\/revisions"}],"predecessor-version":[{"id":7301,"href":"https:\/\/zidek.org.tr\/en\/wp-json\/wp\/v2\/pages\/4625\/revisions\/7301"}],"wp:attachment":[{"href":"https:\/\/zidek.org.tr\/en\/wp-json\/wp\/v2\/media?parent=4625"}],"curies":[{"name":"wp","href":"https:\/\/api.w.org\/{rel}","templated":true}]}}