{"id":4588,"date":"2019-11-28T10:21:02","date_gmt":"2019-11-28T07:21:02","guid":{"rendered":"https:\/\/zidek.org.tr\/yonetim-kurulu\/"},"modified":"2025-06-23T10:39:13","modified_gmt":"2025-06-23T07:39:13","slug":"yonetim-kurulu","status":"publish","type":"page","link":"https:\/\/zidek.org.tr\/en\/yonetim-kurulu\/","title":{"rendered":"Z\u0130DEK Executive Board"},"content":{"rendered":"<div class=\"fusion-fullwidth fullwidth-box fusion-builder-row-1 fusion-flex-container nonhundred-percent-fullwidth non-hundred-percent-height-scrolling\" style=\"--awb-border-radius-top-left:0px;--awb-border-radius-top-right:0px;--awb-border-radius-bottom-right:0px;--awb-border-radius-bottom-left:0px;--awb-flex-wrap:wrap;\" ><div class=\"fusion-builder-row fusion-row fusion-flex-align-items-flex-start fusion-flex-content-wrap\" style=\"max-width:1331.2px;margin-left: calc(-4% \/ 2 );margin-right: calc(-4% \/ 2 );\"><div class=\"fusion-layout-column fusion_builder_column fusion-builder-column-0 fusion_builder_column_1_1 1_1 fusion-flex-column\" style=\"--awb-bg-blend:overlay;--awb-bg-size:cover;--awb-width-large:100%;--awb-margin-top-large:0px;--awb-spacing-right-large:1.92%;--awb-margin-bottom-large:0px;--awb-spacing-left-large:1.92%;--awb-width-medium:100%;--awb-spacing-right-medium:1.92%;--awb-spacing-left-medium:1.92%;--awb-width-small:100%;--awb-spacing-right-small:1.92%;--awb-spacing-left-small:1.92%;\"><div class=\"fusion-column-wrapper fusion-flex-justify-content-flex-start fusion-content-layout-column\"><div class=\"fusion-text fusion-text-1\"><p>Z\u0130DEK Executive Board is responsible for all topics regarding the management of the association.<br \/>\nZ\u0130DEK Executive Board consists of five members.<br \/>\nIts powers and duties are defined in the <a href=\"https:\/\/zidek.org.tr\/wp-content\/uploads\/2022\/11\/1.ZIDEK-CHARTER-3.0.pdf\">Z\u0130DEK Charter.<\/a><\/p>\n<p><strong>2025-2027 Term <\/strong><\/p>\n<p><strong>Members<\/strong><br \/>\n<span><span class=\"fusion-popover popover-1\" data-animation=\"1\" data-class=\"popover-1\" data-container=\"popover-1\" data-html-content=\"&lt;img src=&quot;https:\/\/zidek.org.tr\/wp-content\/uploads\/2019\/12\/G.S\u00f6ylemezoglu-232x300.jpg&quot; alt=&quot;&quot; width=&quot;166&quot; height=&quot;214&quot;\/&gt;\" data-delay=\"50\" data-placement=\"top\" data-toggle=\"popover\" data-trigger=\"hover\"><a href=\"https:\/\/zidek.org.tr\/en\/prof-dr-gokhan-soylemezoglu\/\">Prof. Dr. G\u00f6khan S\u00d6YLEMEZO\u011eLU (Chair)<\/a><\/span><\/span><br \/>\n<span><span class=\"fusion-popover popover-2\" data-animation=\"1\" data-class=\"popover-2\" data-container=\"popover-2\" data-html-content=\"&lt;img src=&quot;https:\/\/zidek.org.tr\/wp-content\/uploads\/2019\/12\/ayzin-228x300.png&quot; alt=&quot;&quot; width=&quot;166&quot; height=&quot;214&quot;\/&gt;\" data-delay=\"50\" data-placement=\"top\" data-toggle=\"popover\" data-trigger=\"hover\"><a href=\"https:\/\/zidek.org.tr\/en\/prof-dr-ayzin-b-kuden\/\">Prof. Dr. Ayzin K\u00dcDEN (Vice-Chair)<\/a><\/span><\/span><br \/>\n<span><span class=\"fusion-popover popover-3\" data-animation=\"1\" data-class=\"popover-3\" data-container=\"popover-3\" data-html-content=\"&lt;img src=&quot;https:\/\/zidek.org.tr\/wp-content\/uploads\/2019\/12\/AtillaEris.-174x174.jpg&quot; alt=&quot;&quot; width=&quot;166&quot; height=&quot;214&quot;\/&gt;\" data-delay=\"50\" data-placement=\"top\" data-toggle=\"popover\" data-trigger=\"hover\"><a href=\"https:\/\/zidek.org.tr\/en\/prof-dr-atilla-eris\/\">Prof. Dr. Atilla ER\u0130\u015e (Member)<\/a><\/span><\/span><br \/>\n<span><span class=\"fusion-popover popover-4\" data-animation=\"1\" data-class=\"popover-4\" data-container=\"popover-4\" data-html-content=\"&lt;img src=&quot;https:\/\/zidek.org.tr\/wp-content\/uploads\/2023\/07\/gurseldellal-200x272.jpg&quot; alt=&quot;&quot; width=&quot;166&quot; height=&quot;214&quot;\/&gt;\" data-delay=\"50\" data-placement=\"top\" data-toggle=\"popover\" data-trigger=\"hover\"><a href=\"https:\/\/zidek.org.tr\/en\/prof-dr-gursel-dellal\/\">Prof. Dr. G\u00fcrsel DELLAL (Secretary Member)<\/a><\/span><\/span><br \/>\n<span><span class=\"fusion-popover popover-5\" data-animation=\"1\" data-class=\"popover-5\" data-container=\"popover-5\" data-html-content=\"&lt;img src=&quot;https:\/\/zidek.org.tr\/wp-content\/uploads\/2019\/12\/gyavuzcan6.jpg&quot; alt=&quot;&quot; width=&quot;166&quot; height=&quot;214&quot;\/&gt;\" data-delay=\"50\" data-placement=\"top\" data-toggle=\"popover\" data-trigger=\"hover\"><a href=\"https:\/\/zidek.org.tr\/en\/prof-dr-h-guclu-yavuzcan\/\">Prof. Dr. H. G\u00fc\u00e7l\u00fc YAVUZCAN (Treasurer Member)<\/a><\/span><\/span><\/p>\n<p><strong>Substitute<\/strong> <strong>Members<\/strong><br \/>\nProf. Dr. Hayrettin KEND\u0130R<br \/>\nProf. Dr. Fatma Ye\u015fim OKAY<br \/>Prof. Dr. H\u00fclya \u0130LB\u0130<br \/>Prof. Dr. Ufuk T\u00dcRKER<br \/>Prof. Dr. Hijran YAVUZCAN<\/p>\n<\/div><\/div><\/div><\/div><\/div>\n","protected":false},"excerpt":{"rendered":"","protected":false},"author":1,"featured_media":0,"parent":0,"menu_order":0,"comment_status":"closed","ping_status":"closed","template":"","meta":{"footnotes":""},"class_list":["post-4588","page","type-page","status-publish","hentry"],"aioseo_notices":[],"_links":{"self":[{"href":"https:\/\/zidek.org.tr\/en\/wp-json\/wp\/v2\/pages\/4588","targetHints":{"allow":["GET"]}}],"collection":[{"href":"https:\/\/zidek.org.tr\/en\/wp-json\/wp\/v2\/pages"}],"about":[{"href":"https:\/\/zidek.org.tr\/en\/wp-json\/wp\/v2\/types\/page"}],"author":[{"embeddable":true,"href":"https:\/\/zidek.org.tr\/en\/wp-json\/wp\/v2\/users\/1"}],"replies":[{"embeddable":true,"href":"https:\/\/zidek.org.tr\/en\/wp-json\/wp\/v2\/comments?post=4588"}],"version-history":[{"count":1,"href":"https:\/\/zidek.org.tr\/en\/wp-json\/wp\/v2\/pages\/4588\/revisions"}],"predecessor-version":[{"id":9036,"href":"https:\/\/zidek.org.tr\/en\/wp-json\/wp\/v2\/pages\/4588\/revisions\/9036"}],"wp:attachment":[{"href":"https:\/\/zidek.org.tr\/en\/wp-json\/wp\/v2\/media?parent=4588"}],"curies":[{"name":"wp","href":"https:\/\/api.w.org\/{rel}","templated":true}]}}