{"id":4569,"date":"2019-11-27T17:13:41","date_gmt":"2019-11-27T14:13:41","guid":{"rendered":"https:\/\/zidek.org.tr\/zidek-uyeligine-cagri\/"},"modified":"2022-10-06T13:13:05","modified_gmt":"2022-10-06T10:13:05","slug":"zidek-uyeligine-cagri","status":"publish","type":"page","link":"https:\/\/zidek.org.tr\/en\/zidek-uyeligine-cagri\/","title":{"rendered":"Z\u0130DEK Membership Call"},"content":{"rendered":"<div class=\"fusion-fullwidth fullwidth-box fusion-builder-row-1 fusion-flex-container nonhundred-percent-fullwidth non-hundred-percent-height-scrolling\" style=\"--awb-border-radius-top-left:0px;--awb-border-radius-top-right:0px;--awb-border-radius-bottom-right:0px;--awb-border-radius-bottom-left:0px;--awb-flex-wrap:wrap;\" ><div class=\"fusion-builder-row fusion-row fusion-flex-align-items-flex-start fusion-flex-content-wrap\" style=\"max-width:1331.2px;margin-left: calc(-4% \/ 2 );margin-right: calc(-4% \/ 2 );\"><div class=\"fusion-layout-column fusion_builder_column fusion-builder-column-0 fusion_builder_column_1_1 1_1 fusion-flex-column\" style=\"--awb-bg-size:cover;--awb-width-large:100%;--awb-margin-top-large:0px;--awb-spacing-right-large:1.92%;--awb-margin-bottom-large:0px;--awb-spacing-left-large:1.92%;--awb-width-medium:100%;--awb-spacing-right-medium:1.92%;--awb-spacing-left-medium:1.92%;--awb-width-small:100%;--awb-spacing-right-small:1.92%;--awb-spacing-left-small:1.92%;\"><div class=\"fusion-column-wrapper fusion-flex-justify-content-flex-start fusion-content-layout-column\"><div class=\"fusion-text fusion-text-1\" style=\"--awb-content-alignment:justify;\"><p>We are inviting experienced program evaluators to become a member of Z\u0130DEK Association<\/p>\n<p>All operations of our association are focused on advancing the public welfare by the enhancement of engineering education to produce engineers who are better educated, more qualified, and percipient of current and advancing technologies. Z\u0130DEK invites experienced program evaluators to become a member of the association.<\/p>\n<p>According to Article 3(a) of Z\u0130DEK Charter, active faculty members or lecturers in faculties of agriculture, forestry or aquaculture or other agricultural, forestry and aquaculture education institutions who can contribute to Z\u0130DEK\u2019s objectives, and Article 3(b), any real person \/ public or private legal entity with objectives and activities supporting Z\u0130DEK\u2019s objectives may become members of Z\u0130DEK by the decision of the Z\u0130DEK Executive Board<\/p>\n<p>After the membership decision, relevant real person \/ legal entity pays an admission fee. Members are responsible for paying the annual membership fee regularly.<\/p>\n<p>Members may terminate their Z\u0130DEK membership by resigning. This resignation must be in writing. As soon as the Executive Board receives the petition for resignation, the termination shall be considered final.<\/p>\n<p>Cases for dismissal from Z\u0130DEK membership are presented below:<\/p>\n<ul>\n<li>Acting in conflict with the Z\u0130DEK Charter<\/li>\n<li>Not paying the membership fee within one year regardless of written warnings,<\/li>\n<li>Not acting in concert with the decisions made by Z\u0130DEK\u2019s bodies<\/li>\n<li>Losing the conditions of membership stated in Z\u0130DEK Charter Article 3<\/li>\n<\/ul>\n<p>Membership termination does not terminate any accumulated debts of the member to the association.<\/p>\n<p>No debt collection shall be pursued in case of termination due to death.<\/p>\n<p>We are inviting those Z\u0130DEK volunteers with the above qualifications to become a member of our association.<\/p>\n<p>Please contact Z\u0130DEK Executive Board Chair Prof. Dr. G\u00f6khan S\u00d6YLEMEZO\u011eLU (<a href=\"mailto:info@zidek.org.tr\">info@zidek.org.tr<\/a>) for documents needed for membership application.<span style=\"font-family: arial, helvetica, sans-serif;\"><br \/><\/span><\/p>\n<\/div><\/div><\/div><\/div><\/div>\n","protected":false},"excerpt":{"rendered":"","protected":false},"author":1,"featured_media":0,"parent":0,"menu_order":0,"comment_status":"closed","ping_status":"closed","template":"","meta":{"footnotes":""},"class_list":["post-4569","page","type-page","status-publish","hentry"],"aioseo_notices":[],"_links":{"self":[{"href":"https:\/\/zidek.org.tr\/en\/wp-json\/wp\/v2\/pages\/4569","targetHints":{"allow":["GET"]}}],"collection":[{"href":"https:\/\/zidek.org.tr\/en\/wp-json\/wp\/v2\/pages"}],"about":[{"href":"https:\/\/zidek.org.tr\/en\/wp-json\/wp\/v2\/types\/page"}],"author":[{"embeddable":true,"href":"https:\/\/zidek.org.tr\/en\/wp-json\/wp\/v2\/users\/1"}],"replies":[{"embeddable":true,"href":"https:\/\/zidek.org.tr\/en\/wp-json\/wp\/v2\/comments?post=4569"}],"version-history":[{"count":1,"href":"https:\/\/zidek.org.tr\/en\/wp-json\/wp\/v2\/pages\/4569\/revisions"}],"predecessor-version":[{"id":5686,"href":"https:\/\/zidek.org.tr\/en\/wp-json\/wp\/v2\/pages\/4569\/revisions\/5686"}],"wp:attachment":[{"href":"https:\/\/zidek.org.tr\/en\/wp-json\/wp\/v2\/media?parent=4569"}],"curies":[{"name":"wp","href":"https:\/\/api.w.org\/{rel}","templated":true}]}}