{"id":4567,"date":"2019-11-27T17:12:30","date_gmt":"2019-11-27T14:12:30","guid":{"rendered":"https:\/\/zidek.org.tr\/zidek-uyeler\/"},"modified":"2025-05-26T14:41:12","modified_gmt":"2025-05-26T11:41:12","slug":"zidek-uyeler","status":"publish","type":"page","link":"https:\/\/zidek.org.tr\/en\/zidek-uyeler\/","title":{"rendered":"Z\u0130DEK Members"},"content":{"rendered":"<div class=\"fusion-fullwidth fullwidth-box fusion-builder-row-1 fusion-flex-container nonhundred-percent-fullwidth non-hundred-percent-height-scrolling\" style=\"--awb-border-radius-top-left:0px;--awb-border-radius-top-right:0px;--awb-border-radius-bottom-right:0px;--awb-border-radius-bottom-left:0px;--awb-flex-wrap:wrap;\" ><div class=\"fusion-builder-row fusion-row fusion-flex-align-items-flex-start fusion-flex-content-wrap\" style=\"max-width:1331.2px;margin-left: calc(-4% \/ 2 );margin-right: calc(-4% \/ 2 );\"><div class=\"fusion-layout-column fusion_builder_column fusion-builder-column-0 fusion_builder_column_1_1 1_1 fusion-flex-column\" style=\"--awb-bg-size:cover;--awb-width-large:100%;--awb-margin-top-large:0px;--awb-spacing-right-large:1.92%;--awb-margin-bottom-large:0px;--awb-spacing-left-large:1.92%;--awb-width-medium:100%;--awb-spacing-right-medium:1.92%;--awb-spacing-left-medium:1.92%;--awb-width-small:100%;--awb-spacing-right-small:1.92%;--awb-spacing-left-small:1.92%;\"><div class=\"fusion-column-wrapper fusion-flex-justify-content-flex-start fusion-content-layout-column\"><div class=\"fusion-text fusion-text-1\"><ol>\n<li>Prof. Dr. Ayzin K\u00dcDEN<\/li>\n<li>Prof. Dr. Ahmet \u00c7OLAK<\/li>\n<li>Prof. Dr. Mehmet KURAN<\/li>\n<li>Prof. Dr. \u0130smail KARACA<\/li>\n<li>Union of Turkish Engineers and Architects &#8211; Chamber of Agricultural Engineers<\/li>\n<li>Central Union of Cattle Breeders of T\u00fcrkiye<\/li>\n<li>Prof. Dr. Mehmet Ali \u00c7ULLU<\/li>\n<li>Prof. Dr. Ayhan \u00d6ZT\u00dcRK<\/li>\n<li>Prof. Dr. Turan KARADEN\u0130Z<\/li>\n<li>Prof. Dr. Hasan TOSUN<\/li>\n<li>Prof. Dr. H\u00fclya \u0130LB\u0130<\/li>\n<li>Prof. Dr. Mustafa Y\u0131ld\u0131r\u0131m CANBOLAT<\/li>\n<li>Assoc. Prof.  Dr. Cem KARAG\u00d6ZL\u00dc<\/li>\n<li>Prof . Dr. Ece TURHAN<\/li>\n<li>Prof. Dr. Mustafa YORGANCILAR<\/li>\n<li>Prof. Dr. Hayrettin KEND\u0130R<\/li>\n<li>Assoc. Prof. Dr. Ufuk T\u00dcRKER<\/li>\n<li>Prof. Dr. Zahide KOCABA\u015e<\/li>\n<li>Prof. Dr. Hasan Sabri \u00d6ZT\u00dcRK<\/li>\n<li>Prof. Dr. G\u00f6khan S\u00d6YLEMEZO\u011eLU<\/li>\n<li>Prof. Dr. Hijran YAVUZCAN<\/li>\n<li>Prof. Dr. Hasan H\u00fcseyin ATAR<\/li>\n<li>Prof. Dr. \u0130lhami BAYRAM\u0130N<\/li>\n<li>Prof. Dr. Fatma Ye\u015fim OKAY<\/li>\n<li>Prof. Dr. Umut TOPRAK<\/li>\n<li>Prof. Dr. F. Canan ABAY<\/li>\n<li>Prof. Dr. Atilla ER\u0130\u015e<\/li>\n<li>Prof. Dr. Enver DURMU\u015eO\u011eLU<\/li>\n<li>Prof. Dr. Hasan \u00c7EL\u0130K<\/li>\n<li>Prof. Dr. G\u00fc\u00e7l\u00fc YAVUZCAN<\/li>\n<li>Assoc. Prof. Dr. \u00c7a\u011fatay YILDIRIM<\/li>\n<li>Assoc. Prof. Dr. Bihter \u00c7OLAK ESETL\u0130L\u0130<\/li>\n<li>Prof. Dr. M. Tolga ESETL\u0130L\u0130<\/li>\n<li>Prof. Dr. S\u0131d\u0131ka EKREN<\/li>\n<li>Prof. Dr. Uygun AKSOY<\/li>\n<li>Assoc. Prof. Dr. \u00d6mer Faruk CO\u015eKUN<\/li>\n<li>Prof. Dr. Murat AKKURT<\/li>\n<li>Prof. Dr. G\u00fcrsel DELLAL<\/li>\n<li>Asst. Prof. Dr. G\u00fclden \u00d6ZG\u00dcNALTAY ERTU\u011eRUL<\/li>\n<li>Assoc. Prof. Dr. G\u00f6khan F\u0130L\u0130K<\/li>\n<\/ol><\/p>\n<\/div><\/div><\/div><\/div><\/div>","protected":false},"excerpt":{"rendered":"","protected":false},"author":1,"featured_media":0,"parent":0,"menu_order":0,"comment_status":"closed","ping_status":"closed","template":"","meta":{"footnotes":""},"class_list":["post-4567","page","type-page","status-publish","hentry"],"aioseo_notices":[],"_links":{"self":[{"href":"https:\/\/zidek.org.tr\/en\/wp-json\/wp\/v2\/pages\/4567","targetHints":{"allow":["GET"]}}],"collection":[{"href":"https:\/\/zidek.org.tr\/en\/wp-json\/wp\/v2\/pages"}],"about":[{"href":"https:\/\/zidek.org.tr\/en\/wp-json\/wp\/v2\/types\/page"}],"author":[{"embeddable":true,"href":"https:\/\/zidek.org.tr\/en\/wp-json\/wp\/v2\/users\/1"}],"replies":[{"embeddable":true,"href":"https:\/\/zidek.org.tr\/en\/wp-json\/wp\/v2\/comments?post=4567"}],"version-history":[{"count":1,"href":"https:\/\/zidek.org.tr\/en\/wp-json\/wp\/v2\/pages\/4567\/revisions"}],"predecessor-version":[{"id":8916,"href":"https:\/\/zidek.org.tr\/en\/wp-json\/wp\/v2\/pages\/4567\/revisions\/8916"}],"wp:attachment":[{"href":"https:\/\/zidek.org.tr\/en\/wp-json\/wp\/v2\/media?parent=4567"}],"curies":[{"name":"wp","href":"https:\/\/api.w.org\/{rel}","templated":true}]}}